{"id":863,"date":"2023-03-24T12:38:45","date_gmt":"2023-03-24T10:38:45","guid":{"rendered":"http:\/\/niittykahvila.web130.webhotelli.fi\/?page_id=863"},"modified":"2025-01-09T10:47:55","modified_gmt":"2025-01-09T08:47:55","slug":"for-groups","status":"publish","type":"page","link":"https:\/\/niittykahvila.fi\/en\/for-groups\/","title":{"rendered":"For Groups"},"content":{"rendered":"\t<div id=\"gap-708333506\" class=\"gap-element clearfix\" style=\"display:block; height:auto;\">\n\t\t\n<style>\n#gap-708333506 {\n  padding-top: 30px;\n}\n<\/style>\n\t<\/div>\n\t\n<div class=\"row row-large align-center\"  id=\"row-971808337\">\n\n\t<div id=\"col-1954786848\" class=\"col medium-12 small-12 large-6\"  >\n\t\t\t\t<div class=\"col-inner text-center\"  >\n\t\t\t\n\t\t\t\n\t<div id=\"text-1562372978\" class=\"text\">\n\t\t\n<h3 class=\"alt-font\">Unforgettable<\/h3>\n\t\t\n<style>\n#text-1562372978 {\n  color: rgb(204, 153, 102);\n}\n#text-1562372978 > * {\n  color: rgb(204, 153, 102);\n}\n<\/style>\n\t<\/div>\n\t\n<h1>Place for break<\/h1>\n<p>The silent people&#8217;s Niittykahvila-cafe and Niittytupa restaurant offer groups an unforgettable break. We tell you the story of Silent People and the whole place, perhaps even with a surprise.<\/p>\n<h1 style=\"text-align: center;\"><span style=\"font-size: 23px;\">Embrace of Mother Nature Lunch buffet<\/span><\/h1>\n<p>Herbs from meadow around the cottage, other local ingredienses and freshly baked organic bread garantees the pure symphony of tastes. Home made food with heart and love. Food for groups all year round!<\/p>\n<p>Ask for our Offers for coffee or Dining and we will plan a break suitable for your group! Have a nice travel!<\/p>\n<a href=\"http:\/\/niittykahvila.fi\/en\/contacts\/\" target=\"_self\" class=\"button primary\"  >\n    <span>Ask offer<\/span>\n  <\/a>\n\n\t\t<\/div>\n\t\t\t\t\t<\/div>\n\n\t\n\n\t<div id=\"col-927904107\" class=\"col medium-12 small-12 large-6\"  >\n\t\t\t\t<div class=\"col-inner\"  >\n\t\t\t\n\t\t\t\n\t<div class=\"img has-hover x md-x lg-x y md-y lg-y\" id=\"image_1373792649\">\n\t\t\t\t\t\t\t\t<div class=\"img-inner dark\" >\n\t\t\t<img loading=\"lazy\" decoding=\"async\" width=\"602\" height=\"472\" src=\"https:\/\/niittykahvila.fi\/wp-content\/uploads\/IMG_18.png\" class=\"attachment-original size-original\" alt=\"\" \/>\t\t\t\t\t\t\n\t\t\t\t\t<\/div>\n\t\t\t\t\t\t\t\t\n<style>\n#image_1373792649 {\n  width: 100%;\n}\n<\/style>\n\t<\/div>\n\t\n\t\t<\/div>\n\t\t\t\t\t<\/div>\n\n\t\n<\/div>\n\t<div id=\"gap-1855188502\" class=\"gap-element clearfix\" style=\"display:block; height:auto;\">\n\t\t\n<style>\n#gap-1855188502 {\n  padding-top: 0px;\n}\n@media (min-width:850px) {\n  #gap-1855188502 {\n    padding-top: 60px;\n  }\n}\n<\/style>\n\t<\/div>\n\t\n<div class=\"row row-large align-middle align-center\"  id=\"row-638367913\">\n\n\t<div id=\"col-1262280482\" class=\"col medium-12 small-12 large-6\"  >\n\t\t\t\t<div class=\"col-inner\"  >\n\t\t\t\n\t\t\t\n\t<div class=\"img has-hover x md-x lg-x y md-y lg-y\" id=\"image_612753032\">\n\t\t\t\t\t\t\t\t<div class=\"img-inner dark\" >\n\t\t\t<img loading=\"lazy\" decoding=\"async\" width=\"602\" height=\"472\" src=\"https:\/\/niittykahvila.fi\/wp-content\/uploads\/IMG_19.png\" class=\"attachment-original size-original\" alt=\"\" \/>\t\t\t\t\t\t\n\t\t\t\t\t<\/div>\n\t\t\t\t\t\t\t\t\n<style>\n#image_612753032 {\n  width: 100%;\n}\n<\/style>\n\t<\/div>\n\t\n\t\t<\/div>\n\t\t\t\t\t<\/div>\n\n\t\n\n\t<div id=\"col-662736096\" class=\"col medium-12 small-12 large-6 medium-col-first\"  >\n\t\t\t\t<div class=\"col-inner text-center\"  >\n\t\t\t\n\t\t\t\n\t<div id=\"text-1261118756\" class=\"text\">\n\t\t\n<h3 class=\"alt-font\">Celebrations<\/h3>\n\t\t\n<style>\n#text-1261118756 {\n  color: rgb(204, 153, 102);\n}\n#text-1261118756 > * {\n  color: rgb(204, 153, 102);\n}\n<\/style>\n\t<\/div>\n\t\n<h1>Birthdays, bachelor parties, weddings, reunions <\/h1>\n<p>The old logs of the cottage have witnessed countless birthdays, bachelor and hen parties, retirement parties, weddings, reunions and all the emotions that come with them.The light shed on the Silent People creates a mysterious atmosphere during dark nights.<\/p>\n<p>We can even plan programs for your celebrations.<\/p>\n<p>These parties are truly something to remember!<\/p>\n<a href=\"http:\/\/niittykahvila.fi\/en\/contacts\/\" target=\"_self\" class=\"button primary\"  >\n    <span>ask offer<\/span>\n  <\/a>\n\n\t\t<\/div>\n\t\t\t\t\t<\/div>\n\n\t\n<\/div>\n\t<div id=\"gap-1946357941\" class=\"gap-element clearfix\" style=\"display:block; height:auto;\">\n\t\t\n<style>\n#gap-1946357941 {\n  padding-top: 0px;\n}\n@media (min-width:850px) {\n  #gap-1946357941 {\n    padding-top: 60px;\n  }\n}\n<\/style>\n\t<\/div>\n\t\n<div class=\"row row-large align-middle align-center\"  id=\"row-1533781994\">\n\n\t<div id=\"col-237703749\" class=\"col medium-12 small-12 large-6\"  >\n\t\t\t\t<div class=\"col-inner text-center\"  >\n\t\t\t\n\t\t\t\n\t<div id=\"text-2566817002\" class=\"text\">\n\t\t\n<h3 class=\"alt-font\">Business<\/h3>\n\t\t\n<style>\n#text-2566817002 {\n  color: rgb(204, 153, 102);\n}\n#text-2566817002 > * {\n  color: rgb(204, 153, 102);\n}\n<\/style>\n\t<\/div>\n\t\n<h1>Meetings and<br \/>corporate retreats<\/h1>\n<p>When you need a quiet place for meetings, Meadow Cottage is the place for you. We offer the right solutions for business meetings.<\/p>\n<p>Does your work community need a boost of creativity?<\/p>\n<p>Come to the Meadow Cottage of the Silent People!<\/p>\n<a href=\"http:\/\/niittykahvila.fi\/en\/contacts\/\" target=\"_self\" class=\"button primary\"  >\n    <span>ask offer<\/span>\n  <\/a>\n\n\t\t<\/div>\n\t\t\t\t\t<\/div>\n\n\t\n\n\t<div id=\"col-194154303\" class=\"col medium-12 small-12 large-6\"  >\n\t\t\t\t<div class=\"col-inner\"  >\n\t\t\t\n\t\t\t\n\t<div class=\"img has-hover x md-x lg-x y md-y lg-y\" id=\"image_1871403260\">\n\t\t\t\t\t\t\t\t<div class=\"img-inner dark\" >\n\t\t\t<img loading=\"lazy\" decoding=\"async\" width=\"602\" height=\"472\" src=\"https:\/\/niittykahvila.fi\/wp-content\/uploads\/IMG_20.png\" class=\"attachment-original size-original\" alt=\"\" \/>\t\t\t\t\t\t\n\t\t\t\t\t<\/div>\n\t\t\t\t\t\t\t\t\n<style>\n#image_1871403260 {\n  width: 100%;\n}\n<\/style>\n\t<\/div>\n\t\n\t\t<\/div>\n\t\t\t\t\t<\/div>\n\n\t\n<\/div>\n\t<div id=\"gap-557801620\" class=\"gap-element clearfix\" style=\"display:block; height:auto;\">\n\t\t\n<style>\n#gap-557801620 {\n  padding-top: 0px;\n}\n@media (min-width:850px) {\n  #gap-557801620 {\n    padding-top: 60px;\n  }\n}\n<\/style>\n\t<\/div>\n\t\n<div class=\"row row-large align-middle align-center\"  id=\"row-761089906\">\n\n\t<div id=\"col-1671501237\" class=\"col medium-12 small-12 large-6\"  >\n\t\t\t\t<div class=\"col-inner\"  >\n\t\t\t\n\t\t\t\n\t<div class=\"img has-hover x md-x lg-x y md-y lg-y\" id=\"image_1917177944\">\n\t\t\t\t\t\t\t\t<div class=\"img-inner dark\" >\n\t\t\t<img loading=\"lazy\" decoding=\"async\" width=\"602\" height=\"472\" src=\"https:\/\/niittykahvila.fi\/wp-content\/uploads\/IMG_21.png\" class=\"attachment-original size-original\" alt=\"\" \/>\t\t\t\t\t\t\n\t\t\t\t\t<\/div>\n\t\t\t\t\t\t\t\t\n<style>\n#image_1917177944 {\n  width: 100%;\n}\n<\/style>\n\t<\/div>\n\t\n\t\t<\/div>\n\t\t\t\t\t<\/div>\n\n\t\n\n\t<div id=\"col-1478630761\" class=\"col medium-12 small-12 large-6 medium-col-first\"  >\n\t\t\t\t<div class=\"col-inner text-center\"  >\n\t\t\t\n\t\t\t\n\t<div id=\"text-2413660026\" class=\"text\">\n\t\t\n<h3 class=\"alt-font\">H\u00e4m\u00e4r\u00e4n Hyssyn <\/h3>\n\t\t\n<style>\n#text-2413660026 {\n  color: rgb(204, 153, 102);\n}\n#text-2413660026 > * {\n  color: rgb(204, 153, 102);\n}\n<\/style>\n\t<\/div>\n\t\n<h1>Pre-Christmas parties<\/h1>\n<p>The Christmas spirit is awakened in the easy-going mood of the softly-lit Meadow Cottage. All the best stories about haymaking, home elves and Christmas traditions come to mind while sitting by the lively fire.<\/p>\n<p>You can enjoy the atmosphere of the darkening evenings and watch how the sparks glimmer against the night sky. During the winter, the sight of the Silent People covered in snow is unique and memorable.<\/p>\n<p>You can relax and be present in the now while we tell you the story of the Silent People.<\/p>\n<a href=\"http:\/\/niittykahvila.fi\/en\/contacts\/\" target=\"_self\" class=\"button primary\"  >\n    <span>Ask offer<\/span>\n  <\/a>\n\n\t\t<\/div>\n\t\t\t\t\t<\/div>\n\n\t\n<\/div>\n<div class=\"row\"  id=\"row-1238932453\">\n\n\t<div id=\"col-2134257832\" class=\"col medium-6 small-12 large-6\"  >\n\t\t\t\t<div class=\"col-inner\"  >\n\t\t\t\n\t\t\t\n\t<div class=\"img has-hover x md-x lg-x y md-y lg-y\" id=\"image_652125211\">\n\t\t\t\t\t\t\t\t<div class=\"img-inner dark\" >\n\t\t\t<img loading=\"lazy\" decoding=\"async\" width=\"2000\" height=\"900\" src=\"https:\/\/niittykahvila.fi\/wp-content\/uploads\/adagio1.jpg\" class=\"attachment-large size-large\" alt=\"\" srcset=\"https:\/\/niittykahvila.fi\/wp-content\/uploads\/adagio1.jpg 2000w, https:\/\/niittykahvila.fi\/wp-content\/uploads\/adagio1-768x346.jpg 768w, https:\/\/niittykahvila.fi\/wp-content\/uploads\/adagio1-1536x691.jpg 1536w\" sizes=\"auto, (max-width: 2000px) 100vw, 2000px\" \/>\t\t\t\t\t\t\n\t\t\t\t\t<\/div>\n\t\t\t\t\t\t\t\t\n<style>\n#image_652125211 {\n  width: 100%;\n}\n<\/style>\n\t<\/div>\n\t\n\t<div class=\"img has-hover x md-x lg-x y md-y lg-y\" id=\"image_1574874061\">\n\t\t\t\t\t\t\t\t<div class=\"img-inner dark\" >\n\t\t\t<img loading=\"lazy\" decoding=\"async\" width=\"1500\" height=\"2000\" src=\"https:\/\/niittykahvila.fi\/wp-content\/uploads\/dessert3.jpg\" class=\"attachment-large size-large\" alt=\"\" srcset=\"https:\/\/niittykahvila.fi\/wp-content\/uploads\/dessert3.jpg 1500w, https:\/\/niittykahvila.fi\/wp-content\/uploads\/dessert3-768x1024.jpg 768w, https:\/\/niittykahvila.fi\/wp-content\/uploads\/dessert3-1152x1536.jpg 1152w\" sizes=\"auto, (max-width: 1500px) 100vw, 1500px\" \/>\t\t\t\t\t\t\n\t\t\t\t\t<\/div>\n\t\t\t\t\t\t\t\t\n<style>\n#image_1574874061 {\n  width: 100%;\n}\n<\/style>\n\t<\/div>\n\t\n\t\t<\/div>\n\t\t\t\t\t<\/div>\n\n\t\n\n\t<div id=\"col-1848787554\" class=\"col medium-6 small-12 large-6\"  >\n\t\t\t\t<div class=\"col-inner\"  >\n\t\t\t\n\t\t\t\n\t<div id=\"text-1508187240\" class=\"text\">\n\t\t\n<h3 class=\"alt-font\">Delisious melodies<\/h3>\n\t\t\n<style>\n#text-1508187240 {\n  text-align: center;\n  color: rgb(204, 153, 102);\n}\n#text-1508187240 > * {\n  color: rgb(204, 153, 102);\n}\n<\/style>\n\t<\/div>\n\t\n\t<div id=\"text-1593110745\" class=\"text\">\n\t\t\n<h1>Song and food consert<br \/>\n<\/h1>\n\t\t\n<style>\n#text-1593110745 {\n  text-align: center;\n}\n<\/style>\n\t<\/div>\n\t\n<p>Immerse with your group in a concert where the unique combination of music and cuisine comes to life. Enjoy dishes inspired by famous composers and their fascinating stories about their relationship with food. This event blends music and gastronomy into an unforgettable experience.<\/p>\n<p>Many composers have been food enthusiasts, master chefs, and talented gourmands. Taste and sound are holistic sensory experiences that stimulate the body, emotions, and intellect all at once.<\/p>\n<p>Soprano Ritva Huttunen has persistently pursued her dream, earning a professional qualification in classical singing later in life. She has sung in the choirs of Cajanus and Raate operas, held solo concerts, participated in numerous musical ensembles, and appeared in the Winter War film.<\/p>\n<p>Pianist Merja Matero is a Master of Music and cantor-organist, graduated from the Sibelius Academy. Alongside her work, Matero has accompanied numerous singers and instrumentalists. She has also performed her own organ and vocal concerts.<\/p>\n<p>Program Includes:<\/p>\n<p>Music by Clara Schumann, Ludwig van Beethoven, Johannes Brahms, Jean Sibelius, and Toivo Kuula<\/p>\n<p>Culinary delights inspired by composers\u2019 food stories Served courses:<\/p>\n<p>Prelude I &amp; II (starters), Adagio I &amp; II (main course) and Finale (dessert)<\/p>\n<p>Binding reservatioins 4 weeks in advance<\/p>\n<p>Group product! Minimum 40 persons, maximum 50 persons.<\/p>\n<p>Price: 99 -115 \u20ac\/person including music and whole menu.<\/p>\n<p>Duration 2,5 hours<\/p>\n<a href=\"https:\/\/niittykahvila.fi\/en\/contacts\/\" target=\"_self\" class=\"button primary\"  style=\"border-radius:99px;\">\n    <span>Reservations\/inquiry<\/span>\n  <\/a>\n\n\t\t<\/div>\n\t\t\t\t\t<\/div>\n\n\t\n<\/div>\n","protected":false},"excerpt":{"rendered":"","protected":false},"author":1,"featured_media":0,"parent":0,"menu_order":0,"comment_status":"closed","ping_status":"closed","template":"page-blank.php","meta":{"footnotes":""},"class_list":["post-863","page","type-page","status-publish","hentry"],"yoast_head":"<!-- This site is optimized with the Yoast SEO Premium plugin v20.6 (Yoast SEO v25.9) - https:\/\/yoast.com\/wordpress\/plugins\/seo\/ -->\n<title>For Groups &#8211; Hiljaisen Kansan Niittykahvila<\/title>\n<meta name=\"description\" content=\"The silent people\u2019s Niittykahvila-cafe and Niittytupa restaurant offer groups an unforgettable break. Ask offer!\" \/>\n<meta name=\"robots\" content=\"index, follow, max-snippet:-1, max-image-preview:large, max-video-preview:-1\" \/>\n<link rel=\"canonical\" href=\"https:\/\/niittykahvila.fi\/en\/for-groups\/\" \/>\n<meta property=\"og:locale\" content=\"en_US\" \/>\n<meta property=\"og:type\" content=\"article\" \/>\n<meta property=\"og:title\" content=\"For Groups &#8211; Hiljaisen Kansan Niittykahvila\" \/>\n<meta property=\"og:description\" content=\"The silent people\u2019s Niittykahvila-cafe and Niittytupa restaurant offer groups an unforgettable break. Ask offer!\" \/>\n<meta property=\"og:url\" content=\"https:\/\/niittykahvila.fi\/en\/for-groups\/\" \/>\n<meta property=\"og:site_name\" content=\"Hiljaisen Kansan Niittykahvila\" \/>\n<meta property=\"article:publisher\" content=\"https:\/\/facebook.com\/fbHiljainenKansa\/\" \/>\n<meta property=\"article:modified_time\" content=\"2025-01-09T08:47:55+00:00\" \/>\n<meta name=\"twitter:card\" content=\"summary_large_image\" \/>\n<meta name=\"twitter:label1\" content=\"Est. reading time\" \/>\n\t<meta name=\"twitter:data1\" content=\"3 minutes\" \/>\n<script type=\"application\/ld+json\" class=\"yoast-schema-graph\">{\"@context\":\"https:\/\/schema.org\",\"@graph\":[{\"@type\":\"WebPage\",\"@id\":\"https:\/\/niittykahvila.fi\/en\/for-groups\/\",\"url\":\"https:\/\/niittykahvila.fi\/en\/for-groups\/\",\"name\":\"For Groups &#8211; Hiljaisen Kansan Niittykahvila\",\"isPartOf\":{\"@id\":\"https:\/\/niittykahvila.fi\/en\/#website\"},\"datePublished\":\"2023-03-24T10:38:45+00:00\",\"dateModified\":\"2025-01-09T08:47:55+00:00\",\"description\":\"The silent people\u2019s Niittykahvila-cafe and Niittytupa restaurant offer groups an unforgettable break. Ask offer!\",\"breadcrumb\":{\"@id\":\"https:\/\/niittykahvila.fi\/en\/for-groups\/#breadcrumb\"},\"inLanguage\":\"en-US\",\"potentialAction\":[{\"@type\":\"ReadAction\",\"target\":[\"https:\/\/niittykahvila.fi\/en\/for-groups\/\"]}]},{\"@type\":\"BreadcrumbList\",\"@id\":\"https:\/\/niittykahvila.fi\/en\/for-groups\/#breadcrumb\",\"itemListElement\":[{\"@type\":\"ListItem\",\"position\":1,\"name\":\"Hiljaisen Kansan Niittykahvila\",\"item\":\"https:\/\/niittykahvila.fi\/en\/\"},{\"@type\":\"ListItem\",\"position\":2,\"name\":\"For Groups\"}]},{\"@type\":\"WebSite\",\"@id\":\"https:\/\/niittykahvila.fi\/en\/#website\",\"url\":\"https:\/\/niittykahvila.fi\/en\/\",\"name\":\"Hiljaisen Kansan Niittykahvila\",\"description\":\"\",\"publisher\":{\"@id\":\"https:\/\/niittykahvila.fi\/en\/#organization\"},\"alternateName\":\"The Silent People\",\"potentialAction\":[{\"@type\":\"SearchAction\",\"target\":{\"@type\":\"EntryPoint\",\"urlTemplate\":\"https:\/\/niittykahvila.fi\/en\/?s={search_term_string}\"},\"query-input\":{\"@type\":\"PropertyValueSpecification\",\"valueRequired\":true,\"valueName\":\"search_term_string\"}}],\"inLanguage\":\"en-US\"},{\"@type\":\"Organization\",\"@id\":\"https:\/\/niittykahvila.fi\/en\/#organization\",\"name\":\"Hiljaisen Kansan Niittykahvila\",\"alternateName\":\"The Silent People\",\"url\":\"https:\/\/niittykahvila.fi\/en\/\",\"logo\":{\"@type\":\"ImageObject\",\"inLanguage\":\"en-US\",\"@id\":\"https:\/\/niittykahvila.fi\/en\/#\/schema\/logo\/image\/\",\"url\":\"https:\/\/niittykahvila.fi\/wp-content\/uploads\/Niittykahvila.png\",\"contentUrl\":\"https:\/\/niittykahvila.fi\/wp-content\/uploads\/Niittykahvila.png\",\"width\":280,\"height\":112,\"caption\":\"Hiljaisen Kansan Niittykahvila\"},\"image\":{\"@id\":\"https:\/\/niittykahvila.fi\/en\/#\/schema\/logo\/image\/\"},\"sameAs\":[\"https:\/\/facebook.com\/fbHiljainenKansa\/\",\"https:\/\/instagram.com\/the_silent_people\/\"]}]}<\/script>\n<!-- \/ Yoast SEO Premium plugin. -->","yoast_head_json":{"title":"For Groups &#8211; Hiljaisen Kansan Niittykahvila","description":"The silent people\u2019s Niittykahvila-cafe and Niittytupa restaurant offer groups an unforgettable break. Ask offer!","robots":{"index":"index","follow":"follow","max-snippet":"max-snippet:-1","max-image-preview":"max-image-preview:large","max-video-preview":"max-video-preview:-1"},"canonical":"https:\/\/niittykahvila.fi\/en\/for-groups\/","og_locale":"en_US","og_type":"article","og_title":"For Groups &#8211; Hiljaisen Kansan Niittykahvila","og_description":"The silent people\u2019s Niittykahvila-cafe and Niittytupa restaurant offer groups an unforgettable break. Ask offer!","og_url":"https:\/\/niittykahvila.fi\/en\/for-groups\/","og_site_name":"Hiljaisen Kansan Niittykahvila","article_publisher":"https:\/\/facebook.com\/fbHiljainenKansa\/","article_modified_time":"2025-01-09T08:47:55+00:00","twitter_card":"summary_large_image","twitter_misc":{"Est. reading time":"3 minutes"},"schema":{"@context":"https:\/\/schema.org","@graph":[{"@type":"WebPage","@id":"https:\/\/niittykahvila.fi\/en\/for-groups\/","url":"https:\/\/niittykahvila.fi\/en\/for-groups\/","name":"For Groups &#8211; Hiljaisen Kansan Niittykahvila","isPartOf":{"@id":"https:\/\/niittykahvila.fi\/en\/#website"},"datePublished":"2023-03-24T10:38:45+00:00","dateModified":"2025-01-09T08:47:55+00:00","description":"The silent people\u2019s Niittykahvila-cafe and Niittytupa restaurant offer groups an unforgettable break. Ask offer!","breadcrumb":{"@id":"https:\/\/niittykahvila.fi\/en\/for-groups\/#breadcrumb"},"inLanguage":"en-US","potentialAction":[{"@type":"ReadAction","target":["https:\/\/niittykahvila.fi\/en\/for-groups\/"]}]},{"@type":"BreadcrumbList","@id":"https:\/\/niittykahvila.fi\/en\/for-groups\/#breadcrumb","itemListElement":[{"@type":"ListItem","position":1,"name":"Hiljaisen Kansan Niittykahvila","item":"https:\/\/niittykahvila.fi\/en\/"},{"@type":"ListItem","position":2,"name":"For Groups"}]},{"@type":"WebSite","@id":"https:\/\/niittykahvila.fi\/en\/#website","url":"https:\/\/niittykahvila.fi\/en\/","name":"Hiljaisen Kansan Niittykahvila","description":"","publisher":{"@id":"https:\/\/niittykahvila.fi\/en\/#organization"},"alternateName":"The Silent People","potentialAction":[{"@type":"SearchAction","target":{"@type":"EntryPoint","urlTemplate":"https:\/\/niittykahvila.fi\/en\/?s={search_term_string}"},"query-input":{"@type":"PropertyValueSpecification","valueRequired":true,"valueName":"search_term_string"}}],"inLanguage":"en-US"},{"@type":"Organization","@id":"https:\/\/niittykahvila.fi\/en\/#organization","name":"Hiljaisen Kansan Niittykahvila","alternateName":"The Silent People","url":"https:\/\/niittykahvila.fi\/en\/","logo":{"@type":"ImageObject","inLanguage":"en-US","@id":"https:\/\/niittykahvila.fi\/en\/#\/schema\/logo\/image\/","url":"https:\/\/niittykahvila.fi\/wp-content\/uploads\/Niittykahvila.png","contentUrl":"https:\/\/niittykahvila.fi\/wp-content\/uploads\/Niittykahvila.png","width":280,"height":112,"caption":"Hiljaisen Kansan Niittykahvila"},"image":{"@id":"https:\/\/niittykahvila.fi\/en\/#\/schema\/logo\/image\/"},"sameAs":["https:\/\/facebook.com\/fbHiljainenKansa\/","https:\/\/instagram.com\/the_silent_people\/"]}]}},"_links":{"self":[{"href":"https:\/\/niittykahvila.fi\/en\/wp-json\/wp\/v2\/pages\/863","targetHints":{"allow":["GET"]}}],"collection":[{"href":"https:\/\/niittykahvila.fi\/en\/wp-json\/wp\/v2\/pages"}],"about":[{"href":"https:\/\/niittykahvila.fi\/en\/wp-json\/wp\/v2\/types\/page"}],"author":[{"embeddable":true,"href":"https:\/\/niittykahvila.fi\/en\/wp-json\/wp\/v2\/users\/1"}],"replies":[{"embeddable":true,"href":"https:\/\/niittykahvila.fi\/en\/wp-json\/wp\/v2\/comments?post=863"}],"version-history":[{"count":11,"href":"https:\/\/niittykahvila.fi\/en\/wp-json\/wp\/v2\/pages\/863\/revisions"}],"predecessor-version":[{"id":1577,"href":"https:\/\/niittykahvila.fi\/en\/wp-json\/wp\/v2\/pages\/863\/revisions\/1577"}],"wp:attachment":[{"href":"https:\/\/niittykahvila.fi\/en\/wp-json\/wp\/v2\/media?parent=863"}],"curies":[{"name":"wp","href":"https:\/\/api.w.org\/{rel}","templated":true}]}}