{"id":1060,"date":"2023-03-28T11:29:47","date_gmt":"2023-03-28T08:29:47","guid":{"rendered":"http:\/\/niittykahvila.web130.webhotelli.fi\/?page_id=1060"},"modified":"2023-05-05T09:59:18","modified_gmt":"2023-05-05T06:59:18","slug":"nachricht","status":"publish","type":"page","link":"https:\/\/niittykahvila.fi\/de\/nachricht\/","title":{"rendered":"Nachricht"},"content":{"rendered":"\t<div id=\"gap-935316053\" class=\"gap-element clearfix\" style=\"display:block; height:auto;\">\n\t\t\n<style>\n#gap-935316053 {\n  padding-top: 30px;\n}\n<\/style>\n\t<\/div>\n\t\n<div class=\"row row-large align-center\"  id=\"row-78689812\">\n\n\t<div id=\"col-1347972005\" class=\"col medium-12 small-12 large-12\"  >\n\t\t\t\t<div class=\"col-inner text-center\"  >\n\t\t\t\n\t\t\t\n\t<div id=\"text-1749522959\" class=\"text\">\n\t\t\n<h3 class=\"alt-font\">Veranstaltungen in Wiesencafe<\/h3>\n\t\t\n<style>\n#text-1749522959 {\n  color: rgb(204, 153, 102);\n}\n#text-1749522959 > * {\n  color: rgb(204, 153, 102);\n}\n<\/style>\n\t<\/div>\n\t\n<h1>Aktuelles<\/h1>\n\t\t<\/div>\n\t\t\t\t\t<\/div>\n\n\t\n<\/div>\n<div class=\"row\"  id=\"row-1276095843\">\n\n\t<div id=\"col-78780651\" class=\"col small-12 large-12\"  >\n\t\t\t\t<div class=\"col-inner text-left\"  >\n\t\t\t\n\t\t\t\n\n  \n    <div class=\"row large-columns-3 medium-columns-2 small-columns-1\">\n  <div class=\"col post-item\" >\n\t\t\t<div class=\"col-inner\">\n\t\t\t<a href=\"https:\/\/niittykahvila.fi\/de\/mene-niitylle-nauti-elaman-pienista-hetkista\/\" class=\"plain\">\n\t\t\t\t<div class=\"box box-normal box-text-bottom box-blog-post has-hover\">\n            \t\t\t\t\t<div class=\"box-image\" >\n  \t\t\t\t\t\t<div class=\"image-cover\" style=\"padding-top:250px;\">\n  \t\t\t\t\t\t\t<img loading=\"lazy\" decoding=\"async\" width=\"1920\" height=\"2373\" src=\"https:\/\/niittykahvila.fi\/wp-content\/uploads\/hetanssivat.jpg\" class=\"attachment-original size-original wp-post-image\" alt=\"\" srcset=\"https:\/\/niittykahvila.fi\/wp-content\/uploads\/hetanssivat.jpg 1920w, https:\/\/niittykahvila.fi\/wp-content\/uploads\/hetanssivat-768x949.jpg 768w, https:\/\/niittykahvila.fi\/wp-content\/uploads\/hetanssivat-1243x1536.jpg 1243w, https:\/\/niittykahvila.fi\/wp-content\/uploads\/hetanssivat-1657x2048.jpg 1657w\" sizes=\"auto, (max-width: 1920px) 100vw, 1920px\" \/>  \t\t\t\t\t\t\t  \t\t\t\t\t\t\t  \t\t\t\t\t\t<\/div>\n  \t\t\t\t\t\t  \t\t\t\t\t<\/div>\n          \t\t\t\t\t<div class=\"box-text text-left\" >\n\t\t\t\t\t<div class=\"box-text-inner blog-post-inner\">\n\n\t\t\t\t\t\n\t\t\t\t\t\t\t\t\t\t<h5 class=\"post-title is-large \">Mene niitylle, nauti el\u00e4m\u00e4n pienist\u00e4 hetkist\u00e4<\/h5>\n\t\t\t\t\t\t\t\t\t\t<div class=\"is-divider\"><\/div>\n\t\t\t\t\t\t\t\t\t\t<p class=\"from_the_blog_excerpt \">Taidemyyntin\u00e4yttely &#8222;Mene niitylle, nauti el\u00e4m\u00e4n pienist\u00e4 hetkist\u00e4&#8220; Niittytuvassa 3.6.-21.9.2026 niittykahvilan aukioloaikoina klo 9-17. Ty\u00f6t ovat akryyliv\u00e4reill\u00e4 ja vesiliukoisilla \u00f6ljyv\u00e4reill\u00e4 maalattuja, luonnon ja Hiljaisen Kansan inspiroimia. Ella Torvisen (Karppimaa) jo toinen...\t\t\t\t\t<\/p>\n\t\t\t\t\t                    \n\t\t\t\t\t\t\t\t\t\t\t<button href=\"https:\/\/niittykahvila.fi\/de\/mene-niitylle-nauti-elaman-pienista-hetkista\/\" class=\"button primary is-underline is-small mb-0\">\n\t\t\t\t\t\t\tWeiterlesen\t\t\t\t\t\t<\/button>\n\t\t\t\t\t\n\t\t\t\t\t\n\t\t\t\t\t<\/div>\n\t\t\t\t\t<\/div>\n\t\t\t\t\t\t\t\t\t<\/div>\n\t\t\t\t<\/a>\n\t\t\t<\/div>\n\t\t<\/div><div class=\"col post-item\" >\n\t\t\t<div class=\"col-inner\">\n\t\t\t<a href=\"https:\/\/niittykahvila.fi\/de\/unohtumatontaukopaikka-suomussalmella\/\" class=\"plain\">\n\t\t\t\t<div class=\"box box-normal box-text-bottom box-blog-post has-hover\">\n            \t\t\t\t\t<div class=\"box-image\" >\n  \t\t\t\t\t\t<div class=\"image-cover\" style=\"padding-top:250px;\">\n  \t\t\t\t\t\t\t<img loading=\"lazy\" decoding=\"async\" width=\"1440\" height=\"1440\" src=\"https:\/\/niittykahvila.fi\/wp-content\/uploads\/kevatkansa.jpg\" class=\"attachment-original size-original wp-post-image\" alt=\"\" srcset=\"https:\/\/niittykahvila.fi\/wp-content\/uploads\/kevatkansa.jpg 1440w, https:\/\/niittykahvila.fi\/wp-content\/uploads\/kevatkansa-768x768.jpg 768w\" sizes=\"auto, (max-width: 1440px) 100vw, 1440px\" \/>  \t\t\t\t\t\t\t  \t\t\t\t\t\t\t  \t\t\t\t\t\t<\/div>\n  \t\t\t\t\t\t  \t\t\t\t\t<\/div>\n          \t\t\t\t\t<div class=\"box-text text-left\" >\n\t\t\t\t\t<div class=\"box-text-inner blog-post-inner\">\n\n\t\t\t\t\t\n\t\t\t\t\t\t\t\t\t\t<h5 class=\"post-title is-large \">Unohtumaton taukopaikka Suomussalmella<\/h5>\n\t\t\t\t\t\t\t\t\t\t<div class=\"is-divider\"><\/div>\n\t\t\t\t\t\t\t\t\t\t<p class=\"from_the_blog_excerpt \">Niittykahvila ja Hiljainen Kansa \u2013 unohtumaton taukopaikka Suomussalmella Hiljaisen Kansan Niittykahvila ja Niittytupa-ravintola tarjoavat ainutlaatuisen pys\u00e4hdyspaikan Suomussalmella, Kainuun syd\u00e4mess\u00e4. T\u00e4m\u00e4 tunnelmallinen kohde Viitostien varrella houkuttelee matkailijoita, ryhmi\u00e4 ja ohikulkijoita kokemaan...\t\t\t\t\t<\/p>\n\t\t\t\t\t                    \n\t\t\t\t\t\t\t\t\t\t\t<button href=\"https:\/\/niittykahvila.fi\/de\/unohtumatontaukopaikka-suomussalmella\/\" class=\"button primary is-underline is-small mb-0\">\n\t\t\t\t\t\t\tWeiterlesen\t\t\t\t\t\t<\/button>\n\t\t\t\t\t\n\t\t\t\t\t\n\t\t\t\t\t<\/div>\n\t\t\t\t\t<\/div>\n\t\t\t\t\t\t\t\t\t<\/div>\n\t\t\t\t<\/a>\n\t\t\t<\/div>\n\t\t<\/div><div class=\"col post-item\" >\n\t\t\t<div class=\"col-inner\">\n\t\t\t<a href=\"https:\/\/niittykahvila.fi\/de\/internationales-green-key-zertifikat-fuer-das-niittykahvila-cafe\/\" class=\"plain\">\n\t\t\t\t<div class=\"box box-normal box-text-bottom box-blog-post has-hover\">\n            \t\t\t\t\t<div class=\"box-image\" >\n  \t\t\t\t\t\t<div class=\"image-cover\" style=\"padding-top:250px;\">\n  \t\t\t\t\t\t\t<img loading=\"lazy\" decoding=\"async\" width=\"200\" height=\"252\" src=\"https:\/\/niittykahvila.fi\/wp-content\/uploads\/varillinen-valkoiselle-taustalle-GK-logo.jpg\" class=\"attachment-original size-original wp-post-image\" alt=\"\" \/>  \t\t\t\t\t\t\t  \t\t\t\t\t\t\t  \t\t\t\t\t\t<\/div>\n  \t\t\t\t\t\t  \t\t\t\t\t<\/div>\n          \t\t\t\t\t<div class=\"box-text text-left\" >\n\t\t\t\t\t<div class=\"box-text-inner blog-post-inner\">\n\n\t\t\t\t\t\n\t\t\t\t\t\t\t\t\t\t<h5 class=\"post-title is-large \">Internationales Green Key-Zertifikat f\u00fcr das Niittykahvila caf\u00e9<\/h5>\n\t\t\t\t\t\t\t\t\t\t<div class=\"is-divider\"><\/div>\n\t\t\t\t\t\t\t\t\t\t<p class=\"from_the_blog_excerpt \">Das Stille Volk Niitykahvila Caf\u00e9 hat das Green Key-Zertifikat f\u00fcr seinen umweltfreundlichen Betrieb erhalten. Der Gr\u00fcne Schl\u00fcssel ist ein internationales Umweltzeichen, das an Unternehmen und Organisationen vergeben wird, die strenge...\t\t\t\t\t<\/p>\n\t\t\t\t\t                    \n\t\t\t\t\t\t\t\t\t\t\t<button href=\"https:\/\/niittykahvila.fi\/de\/internationales-green-key-zertifikat-fuer-das-niittykahvila-cafe\/\" class=\"button primary is-underline is-small mb-0\">\n\t\t\t\t\t\t\tWeiterlesen\t\t\t\t\t\t<\/button>\n\t\t\t\t\t\n\t\t\t\t\t\n\t\t\t\t\t<\/div>\n\t\t\t\t\t<\/div>\n\t\t\t\t\t\t\t\t\t<\/div>\n\t\t\t\t<\/a>\n\t\t\t<\/div>\n\t\t<\/div><div class=\"col post-item\" >\n\t\t\t<div class=\"col-inner\">\n\t\t\t<a href=\"https:\/\/niittykahvila.fi\/de\/kleiderwechsel-fuer-den-sommer\/\" class=\"plain\">\n\t\t\t\t<div class=\"box box-normal box-text-bottom box-blog-post has-hover\">\n            \t\t\t\t\t<div class=\"box-image\" >\n  \t\t\t\t\t\t<div class=\"image-cover\" style=\"padding-top:250px;\">\n  \t\t\t\t\t\t\t<img loading=\"lazy\" decoding=\"async\" width=\"2560\" height=\"1443\" src=\"https:\/\/niittykahvila.fi\/wp-content\/uploads\/20170926_090152-scaled.jpg\" class=\"attachment-original size-original wp-post-image\" alt=\"\" srcset=\"https:\/\/niittykahvila.fi\/wp-content\/uploads\/20170926_090152-scaled.jpg 2560w, https:\/\/niittykahvila.fi\/wp-content\/uploads\/20170926_090152-768x433.jpg 768w, https:\/\/niittykahvila.fi\/wp-content\/uploads\/20170926_090152-1536x866.jpg 1536w, https:\/\/niittykahvila.fi\/wp-content\/uploads\/20170926_090152-2048x1155.jpg 2048w\" sizes=\"auto, (max-width: 2560px) 100vw, 2560px\" \/>  \t\t\t\t\t\t\t  \t\t\t\t\t\t\t  \t\t\t\t\t\t<\/div>\n  \t\t\t\t\t\t  \t\t\t\t\t<\/div>\n          \t\t\t\t\t<div class=\"box-text text-left\" >\n\t\t\t\t\t<div class=\"box-text-inner blog-post-inner\">\n\n\t\t\t\t\t\n\t\t\t\t\t\t\t\t\t\t<h5 class=\"post-title is-large \">Kleiderwechsel f\u00fcr den Sommer<\/h5>\n\t\t\t\t\t\t\t\t\t\t<div class=\"is-divider\"><\/div>\n\t\t\t\t\t\t\t\t\t\t<p class=\"from_the_blog_excerpt \">Machen Sie mit und kleiden Sie das Stille Volk f\u00fcr den Sommer ein. Zweimal im Jahr bekommt das Stille Volk ein neues Outfit. Im Sommer werden die Torfk\u00f6pfe sommerlich gekleidet,...\t\t\t\t\t<\/p>\n\t\t\t\t\t                    \n\t\t\t\t\t\t\t\t\t\t\t<button href=\"https:\/\/niittykahvila.fi\/de\/kleiderwechsel-fuer-den-sommer\/\" class=\"button primary is-underline is-small mb-0\">\n\t\t\t\t\t\t\tWeiterlesen\t\t\t\t\t\t<\/button>\n\t\t\t\t\t\n\t\t\t\t\t\n\t\t\t\t\t<\/div>\n\t\t\t\t\t<\/div>\n\t\t\t\t\t\t\t\t\t<\/div>\n\t\t\t\t<\/a>\n\t\t\t<\/div>\n\t\t<\/div><div class=\"col post-item\" >\n\t\t\t<div class=\"col-inner\">\n\t\t\t<a href=\"https:\/\/niittykahvila.fi\/de\/milchhaeuschen-blues-14-7-2023-uhr-18\/\" class=\"plain\">\n\t\t\t\t<div class=\"box box-normal box-text-bottom box-blog-post has-hover\">\n            \t\t\t\t\t<div class=\"box-image\" >\n  \t\t\t\t\t\t<div class=\"image-cover\" style=\"padding-top:250px;\">\n  \t\t\t\t\t\t\t<img loading=\"lazy\" decoding=\"async\" width=\"2000\" height=\"900\" src=\"https:\/\/niittykahvila.fi\/wp-content\/uploads\/adagio1.jpg\" class=\"attachment-original size-original wp-post-image\" alt=\"\" srcset=\"https:\/\/niittykahvila.fi\/wp-content\/uploads\/adagio1.jpg 2000w, https:\/\/niittykahvila.fi\/wp-content\/uploads\/adagio1-768x346.jpg 768w, https:\/\/niittykahvila.fi\/wp-content\/uploads\/adagio1-1536x691.jpg 1536w\" sizes=\"auto, (max-width: 2000px) 100vw, 2000px\" \/>  \t\t\t\t\t\t\t  \t\t\t\t\t\t\t  \t\t\t\t\t\t<\/div>\n  \t\t\t\t\t\t  \t\t\t\t\t<\/div>\n          \t\t\t\t\t<div class=\"box-text text-left\" >\n\t\t\t\t\t<div class=\"box-text-inner blog-post-inner\">\n\n\t\t\t\t\t\n\t\t\t\t\t\t\t\t\t\t<h5 class=\"post-title is-large \">Zart schmelzende Kl\u00e4nge<\/h5>\n\t\t\t\t\t\t\t\t\t\t<div class=\"is-divider\"><\/div>\n\t\t\t\t\t\t\t\t\t\t<p class=\"from_the_blog_excerpt \">Lied-Essenskonzert, Gruppenangebot.\u00a0 Im Oktober 2024 feierte das weltweit uraufgef\u00fchrte \u201eMundschmelzende Melodien\u201c, ein Gesangs- und Speisekonzert, gro\u00dfen Erfolg. Ein ausverkauftes Haus war sich einig, dass es mehr von solchen Veranstaltungen geben...\t\t\t\t\t<\/p>\n\t\t\t\t\t                    \n\t\t\t\t\t\t\t\t\t\t\t<button href=\"https:\/\/niittykahvila.fi\/de\/milchhaeuschen-blues-14-7-2023-uhr-18\/\" class=\"button primary is-underline is-small mb-0\">\n\t\t\t\t\t\t\tWeiterlesen\t\t\t\t\t\t<\/button>\n\t\t\t\t\t\n\t\t\t\t\t\n\t\t\t\t\t<\/div>\n\t\t\t\t\t<\/div>\n\t\t\t\t\t\t\t\t\t<\/div>\n\t\t\t\t<\/a>\n\t\t\t<\/div>\n\t\t<\/div><div class=\"col post-item\" >\n\t\t\t<div class=\"col-inner\">\n\t\t\t<a href=\"https:\/\/niittykahvila.fi\/de\/kleiderwechsel-fuer-den-winter\/\" class=\"plain\">\n\t\t\t\t<div class=\"box box-normal box-text-bottom box-blog-post has-hover\">\n            \t\t\t\t\t<div class=\"box-image\" >\n  \t\t\t\t\t\t<div class=\"image-cover\" style=\"padding-top:250px;\">\n  \t\t\t\t\t\t\t<img loading=\"lazy\" decoding=\"async\" width=\"320\" height=\"240\" src=\"https:\/\/niittykahvila.fi\/wp-content\/uploads\/1439717539326.jpg\" class=\"attachment-original size-original wp-post-image\" alt=\"\" \/>  \t\t\t\t\t\t\t  \t\t\t\t\t\t\t  \t\t\t\t\t\t<\/div>\n  \t\t\t\t\t\t  \t\t\t\t\t<\/div>\n          \t\t\t\t\t<div class=\"box-text text-left\" >\n\t\t\t\t\t<div class=\"box-text-inner blog-post-inner\">\n\n\t\t\t\t\t\n\t\t\t\t\t\t\t\t\t\t<h5 class=\"post-title is-large \">Kleiderwechsel f\u00fcr den Winter<\/h5>\n\t\t\t\t\t\t\t\t\t\t<div class=\"is-divider\"><\/div>\n\t\t\t\t\t\t\t\t\t\t<p class=\"from_the_blog_excerpt \">Machen Sie mit und kleiden Sie das Stille Volk am 24.9.2026 ab 9:30 Uhr f\u00fcr den Winter ein. Sie k\u00f6nnen Ihre eigenen Winterm\u00e4ntel, Pullover, Strickjacken usw. mitbringen, die sich \u00fcber...\t\t\t\t\t<\/p>\n\t\t\t\t\t                    \n\t\t\t\t\t\t\t\t\t\t\t<button href=\"https:\/\/niittykahvila.fi\/de\/kleiderwechsel-fuer-den-winter\/\" class=\"button primary is-underline is-small mb-0\">\n\t\t\t\t\t\t\tWeiterlesen\t\t\t\t\t\t<\/button>\n\t\t\t\t\t\n\t\t\t\t\t\n\t\t\t\t\t<\/div>\n\t\t\t\t\t<\/div>\n\t\t\t\t\t\t\t\t\t<\/div>\n\t\t\t\t<\/a>\n\t\t\t<\/div>\n\t\t<\/div><\/div>\n\t\t<\/div>\n\t\t\t\t\t<\/div>\n\n\t\n<\/div>\n","protected":false},"excerpt":{"rendered":"","protected":false},"author":1,"featured_media":0,"parent":0,"menu_order":0,"comment_status":"closed","ping_status":"closed","template":"page-blank.php","meta":{"footnotes":""},"class_list":["post-1060","page","type-page","status-publish","hentry"],"yoast_head":"<!-- This site is optimized with the Yoast SEO Premium plugin v20.6 (Yoast SEO v25.9) - https:\/\/yoast.com\/wordpress\/plugins\/seo\/ -->\n<title>Nachricht &#8211; Hiljaisen Kansan Niittykahvila<\/title>\n<meta name=\"robots\" content=\"index, follow, max-snippet:-1, max-image-preview:large, max-video-preview:-1\" \/>\n<link rel=\"canonical\" href=\"https:\/\/niittykahvila.fi\/de\/nachricht\/\" \/>\n<meta property=\"og:locale\" content=\"de_DE\" \/>\n<meta property=\"og:type\" content=\"article\" \/>\n<meta property=\"og:title\" content=\"Nachricht &#8211; Hiljaisen Kansan Niittykahvila\" \/>\n<meta property=\"og:url\" content=\"https:\/\/niittykahvila.fi\/de\/nachricht\/\" \/>\n<meta property=\"og:site_name\" content=\"Hiljaisen Kansan Niittykahvila\" \/>\n<meta property=\"article:publisher\" content=\"https:\/\/facebook.com\/fbHiljainenKansa\/\" \/>\n<meta property=\"article:modified_time\" content=\"2023-05-05T06:59:18+00:00\" \/>\n<meta name=\"twitter:card\" content=\"summary_large_image\" \/>\n<meta name=\"twitter:label1\" content=\"Gesch\u00e4tzte Lesezeit\" \/>\n\t<meta name=\"twitter:data1\" content=\"1\u00a0Minute\" \/>\n<script type=\"application\/ld+json\" class=\"yoast-schema-graph\">{\"@context\":\"https:\/\/schema.org\",\"@graph\":[{\"@type\":\"WebPage\",\"@id\":\"https:\/\/niittykahvila.fi\/de\/nachricht\/\",\"url\":\"https:\/\/niittykahvila.fi\/de\/nachricht\/\",\"name\":\"Nachricht &#8211; Hiljaisen Kansan Niittykahvila\",\"isPartOf\":{\"@id\":\"https:\/\/niittykahvila.fi\/de\/#website\"},\"datePublished\":\"2023-03-28T08:29:47+00:00\",\"dateModified\":\"2023-05-05T06:59:18+00:00\",\"breadcrumb\":{\"@id\":\"https:\/\/niittykahvila.fi\/de\/nachricht\/#breadcrumb\"},\"inLanguage\":\"de\",\"potentialAction\":[{\"@type\":\"ReadAction\",\"target\":[\"https:\/\/niittykahvila.fi\/de\/nachricht\/\"]}]},{\"@type\":\"BreadcrumbList\",\"@id\":\"https:\/\/niittykahvila.fi\/de\/nachricht\/#breadcrumb\",\"itemListElement\":[{\"@type\":\"ListItem\",\"position\":1,\"name\":\"Hiljaisen Kansan Niittykahvila\",\"item\":\"https:\/\/niittykahvila.fi\/de\/\"},{\"@type\":\"ListItem\",\"position\":2,\"name\":\"Nachricht\"}]},{\"@type\":\"WebSite\",\"@id\":\"https:\/\/niittykahvila.fi\/de\/#website\",\"url\":\"https:\/\/niittykahvila.fi\/de\/\",\"name\":\"Hiljaisen Kansan Niittykahvila\",\"description\":\"\",\"publisher\":{\"@id\":\"https:\/\/niittykahvila.fi\/de\/#organization\"},\"alternateName\":\"The Silent People\",\"potentialAction\":[{\"@type\":\"SearchAction\",\"target\":{\"@type\":\"EntryPoint\",\"urlTemplate\":\"https:\/\/niittykahvila.fi\/de\/?s={search_term_string}\"},\"query-input\":{\"@type\":\"PropertyValueSpecification\",\"valueRequired\":true,\"valueName\":\"search_term_string\"}}],\"inLanguage\":\"de\"},{\"@type\":\"Organization\",\"@id\":\"https:\/\/niittykahvila.fi\/de\/#organization\",\"name\":\"Hiljaisen Kansan Niittykahvila\",\"alternateName\":\"The Silent People\",\"url\":\"https:\/\/niittykahvila.fi\/de\/\",\"logo\":{\"@type\":\"ImageObject\",\"inLanguage\":\"de\",\"@id\":\"https:\/\/niittykahvila.fi\/de\/#\/schema\/logo\/image\/\",\"url\":\"https:\/\/niittykahvila.fi\/wp-content\/uploads\/Niittykahvila.png\",\"contentUrl\":\"https:\/\/niittykahvila.fi\/wp-content\/uploads\/Niittykahvila.png\",\"width\":280,\"height\":112,\"caption\":\"Hiljaisen Kansan Niittykahvila\"},\"image\":{\"@id\":\"https:\/\/niittykahvila.fi\/de\/#\/schema\/logo\/image\/\"},\"sameAs\":[\"https:\/\/facebook.com\/fbHiljainenKansa\/\",\"https:\/\/instagram.com\/the_silent_people\/\"]}]}<\/script>\n<!-- \/ Yoast SEO Premium plugin. -->","yoast_head_json":{"title":"Nachricht &#8211; Hiljaisen Kansan Niittykahvila","robots":{"index":"index","follow":"follow","max-snippet":"max-snippet:-1","max-image-preview":"max-image-preview:large","max-video-preview":"max-video-preview:-1"},"canonical":"https:\/\/niittykahvila.fi\/de\/nachricht\/","og_locale":"de_DE","og_type":"article","og_title":"Nachricht &#8211; Hiljaisen Kansan Niittykahvila","og_url":"https:\/\/niittykahvila.fi\/de\/nachricht\/","og_site_name":"Hiljaisen Kansan Niittykahvila","article_publisher":"https:\/\/facebook.com\/fbHiljainenKansa\/","article_modified_time":"2023-05-05T06:59:18+00:00","twitter_card":"summary_large_image","twitter_misc":{"Gesch\u00e4tzte Lesezeit":"1\u00a0Minute"},"schema":{"@context":"https:\/\/schema.org","@graph":[{"@type":"WebPage","@id":"https:\/\/niittykahvila.fi\/de\/nachricht\/","url":"https:\/\/niittykahvila.fi\/de\/nachricht\/","name":"Nachricht &#8211; Hiljaisen Kansan Niittykahvila","isPartOf":{"@id":"https:\/\/niittykahvila.fi\/de\/#website"},"datePublished":"2023-03-28T08:29:47+00:00","dateModified":"2023-05-05T06:59:18+00:00","breadcrumb":{"@id":"https:\/\/niittykahvila.fi\/de\/nachricht\/#breadcrumb"},"inLanguage":"de","potentialAction":[{"@type":"ReadAction","target":["https:\/\/niittykahvila.fi\/de\/nachricht\/"]}]},{"@type":"BreadcrumbList","@id":"https:\/\/niittykahvila.fi\/de\/nachricht\/#breadcrumb","itemListElement":[{"@type":"ListItem","position":1,"name":"Hiljaisen Kansan Niittykahvila","item":"https:\/\/niittykahvila.fi\/de\/"},{"@type":"ListItem","position":2,"name":"Nachricht"}]},{"@type":"WebSite","@id":"https:\/\/niittykahvila.fi\/de\/#website","url":"https:\/\/niittykahvila.fi\/de\/","name":"Hiljaisen Kansan Niittykahvila","description":"","publisher":{"@id":"https:\/\/niittykahvila.fi\/de\/#organization"},"alternateName":"The Silent People","potentialAction":[{"@type":"SearchAction","target":{"@type":"EntryPoint","urlTemplate":"https:\/\/niittykahvila.fi\/de\/?s={search_term_string}"},"query-input":{"@type":"PropertyValueSpecification","valueRequired":true,"valueName":"search_term_string"}}],"inLanguage":"de"},{"@type":"Organization","@id":"https:\/\/niittykahvila.fi\/de\/#organization","name":"Hiljaisen Kansan Niittykahvila","alternateName":"The Silent People","url":"https:\/\/niittykahvila.fi\/de\/","logo":{"@type":"ImageObject","inLanguage":"de","@id":"https:\/\/niittykahvila.fi\/de\/#\/schema\/logo\/image\/","url":"https:\/\/niittykahvila.fi\/wp-content\/uploads\/Niittykahvila.png","contentUrl":"https:\/\/niittykahvila.fi\/wp-content\/uploads\/Niittykahvila.png","width":280,"height":112,"caption":"Hiljaisen Kansan Niittykahvila"},"image":{"@id":"https:\/\/niittykahvila.fi\/de\/#\/schema\/logo\/image\/"},"sameAs":["https:\/\/facebook.com\/fbHiljainenKansa\/","https:\/\/instagram.com\/the_silent_people\/"]}]}},"_links":{"self":[{"href":"https:\/\/niittykahvila.fi\/de\/wp-json\/wp\/v2\/pages\/1060","targetHints":{"allow":["GET"]}}],"collection":[{"href":"https:\/\/niittykahvila.fi\/de\/wp-json\/wp\/v2\/pages"}],"about":[{"href":"https:\/\/niittykahvila.fi\/de\/wp-json\/wp\/v2\/types\/page"}],"author":[{"embeddable":true,"href":"https:\/\/niittykahvila.fi\/de\/wp-json\/wp\/v2\/users\/1"}],"replies":[{"embeddable":true,"href":"https:\/\/niittykahvila.fi\/de\/wp-json\/wp\/v2\/comments?post=1060"}],"version-history":[{"count":0,"href":"https:\/\/niittykahvila.fi\/de\/wp-json\/wp\/v2\/pages\/1060\/revisions"}],"wp:attachment":[{"href":"https:\/\/niittykahvila.fi\/de\/wp-json\/wp\/v2\/media?parent=1060"}],"curies":[{"name":"wp","href":"https:\/\/api.w.org\/{rel}","templated":true}]}}