{"id":1058,"date":"2023-03-24T14:38:36","date_gmt":"2023-03-24T12:38:36","guid":{"rendered":"http:\/\/niittykahvila.web130.webhotelli.fi\/?page_id=1058"},"modified":"2023-05-05T10:04:26","modified_gmt":"2023-05-05T07:04:26","slug":"uebernachtung-im-heu","status":"publish","type":"page","link":"https:\/\/niittykahvila.fi\/de\/uebernachtung-im-heu\/","title":{"rendered":"\u00dcbernachtung Im Heu"},"content":{"rendered":"\t<div id=\"gap-168864962\" class=\"gap-element clearfix\" style=\"display:block; height:auto;\">\n\t\t\n<style>\n#gap-168864962 {\n  padding-top: 30px;\n}\n<\/style>\n\t<\/div>\n\t\n<div class=\"row row-large align-center\"  id=\"row-1668359806\">\n\n\t<div id=\"col-1241421208\" class=\"col medium-12 small-12 large-6\"  >\n\t\t\t\t<div class=\"col-inner text-center\"  >\n\t\t\t\n\t\t\t\n\t<div id=\"text-3065089105\" class=\"text\">\n\t\t\n<h3 class=\"alt-font\">Verbringen Sie eine unvergessliche Nacht<\/h3>\n\t\t\n<style>\n#text-3065089105 {\n  color: rgb(204, 153, 102);\n}\n#text-3065089105 > * {\n  color: rgb(204, 153, 102);\n}\n<\/style>\n\t<\/div>\n\t\n<h1>\u00dcbernachtung im Heu<\/h1>\n<p>Jetzt haben Sie auf Ihrer Reise die Chance, in die Vergangenheit zu reisen. In eine Zeit, als die Heuernte Wochen dauerte und die Menschen darum in Scheunen \u00fcbernachten mussten. Genie\u00dfen Sie die Ruhe der Natur und wachen Sie am Sommermorgen mit Vogelgezwitscher auf. Der Heuboden bietet bequem Platz f\u00fcr 8 Personen. Sie ben\u00f6tigen allerdings einen Schlafsack. Bei Bedarf vermieten wir jedoch ein Moskitonetz.<\/p>\n<p>Die \u00dcbernachtung in der Scheune ist kostenlos! Mit vollem Magen schl\u00e4ft es sich besser, also bestellen Sie Ihr Abendessen und Ihr Fr\u00fchst\u00fcck am Besten im Voraus.\u00a0 Danach k\u00f6nnen Sie Ihre Reise wieder getrost fortsetzen!<\/p>\n<p>Hinweis! Es besteht keine M\u00f6glichkeit, in dem Gebiet ein Feuer zu machen.<\/p>\n<a href=\"http:\/\/niittykahvila.fi\/de\/kontaktinformationen\/\" target=\"_self\" class=\"button primary\"  >\n    <span>ANFRAGEN & RESERVIERUNGEN<\/span>\n  <\/a>\n\n\t\t<\/div>\n\t\t\t\t\t<\/div>\n\n\t\n\n\t<div id=\"col-980462594\" class=\"col medium-12 small-12 large-6\"  >\n\t\t\t\t<div class=\"col-inner\"  >\n\t\t\t\n\t\t\t\n\t<div class=\"img has-hover x md-x lg-x y md-y lg-y\" id=\"image_1685703035\">\n\t\t\t\t\t\t\t\t<div class=\"img-inner dark\" >\n\t\t\t<img loading=\"lazy\" decoding=\"async\" width=\"602\" height=\"472\" src=\"https:\/\/niittykahvila.fi\/wp-content\/uploads\/IMG_22.png\" class=\"attachment-original size-original\" alt=\"\" \/>\t\t\t\t\t\t\n\t\t\t\t\t<\/div>\n\t\t\t\t\t\t\t\t\n<style>\n#image_1685703035 {\n  width: 100%;\n}\n<\/style>\n\t<\/div>\n\t\n\t\t<\/div>\n\t\t\t\t\t<\/div>\n\n\t\n<\/div>\n","protected":false},"excerpt":{"rendered":"","protected":false},"author":1,"featured_media":0,"parent":0,"menu_order":0,"comment_status":"closed","ping_status":"closed","template":"page-blank.php","meta":{"footnotes":""},"class_list":["post-1058","page","type-page","status-publish","hentry"],"yoast_head":"<!-- This site is optimized with the Yoast SEO Premium plugin v20.6 (Yoast SEO v25.9) - https:\/\/yoast.com\/wordpress\/plugins\/seo\/ -->\n<title>\u00dcbernachtung Im Heu &#8211; Hiljaisen Kansan Niittykahvila<\/title>\n<meta name=\"description\" content=\"\u00dcbernachtung im Heu - verbringen Sie eine unvergessliche Nacht! Genie\u00dfen Sie die Ruhe der Natur und wachen Sie am Sommermorgen mit Vogelgezwitscher auf.\" \/>\n<meta name=\"robots\" content=\"index, follow, max-snippet:-1, max-image-preview:large, max-video-preview:-1\" \/>\n<link rel=\"canonical\" href=\"https:\/\/niittykahvila.fi\/de\/uebernachtung-im-heu\/\" \/>\n<meta property=\"og:locale\" content=\"de_DE\" \/>\n<meta property=\"og:type\" content=\"article\" \/>\n<meta property=\"og:title\" content=\"\u00dcbernachtung Im Heu &#8211; Hiljaisen Kansan Niittykahvila\" \/>\n<meta property=\"og:description\" content=\"\u00dcbernachtung im Heu - verbringen Sie eine unvergessliche Nacht! Genie\u00dfen Sie die Ruhe der Natur und wachen Sie am Sommermorgen mit Vogelgezwitscher auf.\" \/>\n<meta property=\"og:url\" content=\"https:\/\/niittykahvila.fi\/de\/uebernachtung-im-heu\/\" \/>\n<meta property=\"og:site_name\" content=\"Hiljaisen Kansan Niittykahvila\" \/>\n<meta property=\"article:publisher\" content=\"https:\/\/facebook.com\/fbHiljainenKansa\/\" \/>\n<meta property=\"article:modified_time\" content=\"2023-05-05T07:04:26+00:00\" \/>\n<meta name=\"twitter:card\" content=\"summary_large_image\" \/>\n<meta name=\"twitter:label1\" content=\"Gesch\u00e4tzte Lesezeit\" \/>\n\t<meta name=\"twitter:data1\" content=\"1\u00a0Minute\" \/>\n<script type=\"application\/ld+json\" class=\"yoast-schema-graph\">{\"@context\":\"https:\/\/schema.org\",\"@graph\":[{\"@type\":\"WebPage\",\"@id\":\"https:\/\/niittykahvila.fi\/de\/uebernachtung-im-heu\/\",\"url\":\"https:\/\/niittykahvila.fi\/de\/uebernachtung-im-heu\/\",\"name\":\"\u00dcbernachtung Im Heu &#8211; Hiljaisen Kansan Niittykahvila\",\"isPartOf\":{\"@id\":\"https:\/\/niittykahvila.fi\/de\/#website\"},\"datePublished\":\"2023-03-24T12:38:36+00:00\",\"dateModified\":\"2023-05-05T07:04:26+00:00\",\"description\":\"\u00dcbernachtung im Heu - verbringen Sie eine unvergessliche Nacht! Genie\u00dfen Sie die Ruhe der Natur und wachen Sie am Sommermorgen mit Vogelgezwitscher auf.\",\"breadcrumb\":{\"@id\":\"https:\/\/niittykahvila.fi\/de\/uebernachtung-im-heu\/#breadcrumb\"},\"inLanguage\":\"de\",\"potentialAction\":[{\"@type\":\"ReadAction\",\"target\":[\"https:\/\/niittykahvila.fi\/de\/uebernachtung-im-heu\/\"]}]},{\"@type\":\"BreadcrumbList\",\"@id\":\"https:\/\/niittykahvila.fi\/de\/uebernachtung-im-heu\/#breadcrumb\",\"itemListElement\":[{\"@type\":\"ListItem\",\"position\":1,\"name\":\"Hiljaisen Kansan Niittykahvila\",\"item\":\"https:\/\/niittykahvila.fi\/de\/\"},{\"@type\":\"ListItem\",\"position\":2,\"name\":\"\u00dcbernachtung Im Heu\"}]},{\"@type\":\"WebSite\",\"@id\":\"https:\/\/niittykahvila.fi\/de\/#website\",\"url\":\"https:\/\/niittykahvila.fi\/de\/\",\"name\":\"Hiljaisen Kansan Niittykahvila\",\"description\":\"\",\"publisher\":{\"@id\":\"https:\/\/niittykahvila.fi\/de\/#organization\"},\"alternateName\":\"The Silent People\",\"potentialAction\":[{\"@type\":\"SearchAction\",\"target\":{\"@type\":\"EntryPoint\",\"urlTemplate\":\"https:\/\/niittykahvila.fi\/de\/?s={search_term_string}\"},\"query-input\":{\"@type\":\"PropertyValueSpecification\",\"valueRequired\":true,\"valueName\":\"search_term_string\"}}],\"inLanguage\":\"de\"},{\"@type\":\"Organization\",\"@id\":\"https:\/\/niittykahvila.fi\/de\/#organization\",\"name\":\"Hiljaisen Kansan Niittykahvila\",\"alternateName\":\"The Silent People\",\"url\":\"https:\/\/niittykahvila.fi\/de\/\",\"logo\":{\"@type\":\"ImageObject\",\"inLanguage\":\"de\",\"@id\":\"https:\/\/niittykahvila.fi\/de\/#\/schema\/logo\/image\/\",\"url\":\"http:\/\/niittykahvila.fi\/wp-content\/uploads\/Niittykahvila.png\",\"contentUrl\":\"http:\/\/niittykahvila.fi\/wp-content\/uploads\/Niittykahvila.png\",\"width\":280,\"height\":112,\"caption\":\"Hiljaisen Kansan Niittykahvila\"},\"image\":{\"@id\":\"https:\/\/niittykahvila.fi\/de\/#\/schema\/logo\/image\/\"},\"sameAs\":[\"https:\/\/facebook.com\/fbHiljainenKansa\/\",\"https:\/\/instagram.com\/the_silent_people\/\"]}]}<\/script>\n<!-- \/ Yoast SEO Premium plugin. -->","yoast_head_json":{"title":"\u00dcbernachtung Im Heu &#8211; Hiljaisen Kansan Niittykahvila","description":"\u00dcbernachtung im Heu - verbringen Sie eine unvergessliche Nacht! Genie\u00dfen Sie die Ruhe der Natur und wachen Sie am Sommermorgen mit Vogelgezwitscher auf.","robots":{"index":"index","follow":"follow","max-snippet":"max-snippet:-1","max-image-preview":"max-image-preview:large","max-video-preview":"max-video-preview:-1"},"canonical":"https:\/\/niittykahvila.fi\/de\/uebernachtung-im-heu\/","og_locale":"de_DE","og_type":"article","og_title":"\u00dcbernachtung Im Heu &#8211; Hiljaisen Kansan Niittykahvila","og_description":"\u00dcbernachtung im Heu - verbringen Sie eine unvergessliche Nacht! Genie\u00dfen Sie die Ruhe der Natur und wachen Sie am Sommermorgen mit Vogelgezwitscher auf.","og_url":"https:\/\/niittykahvila.fi\/de\/uebernachtung-im-heu\/","og_site_name":"Hiljaisen Kansan Niittykahvila","article_publisher":"https:\/\/facebook.com\/fbHiljainenKansa\/","article_modified_time":"2023-05-05T07:04:26+00:00","twitter_card":"summary_large_image","twitter_misc":{"Gesch\u00e4tzte Lesezeit":"1\u00a0Minute"},"schema":{"@context":"https:\/\/schema.org","@graph":[{"@type":"WebPage","@id":"https:\/\/niittykahvila.fi\/de\/uebernachtung-im-heu\/","url":"https:\/\/niittykahvila.fi\/de\/uebernachtung-im-heu\/","name":"\u00dcbernachtung Im Heu &#8211; Hiljaisen Kansan Niittykahvila","isPartOf":{"@id":"https:\/\/niittykahvila.fi\/de\/#website"},"datePublished":"2023-03-24T12:38:36+00:00","dateModified":"2023-05-05T07:04:26+00:00","description":"\u00dcbernachtung im Heu - verbringen Sie eine unvergessliche Nacht! Genie\u00dfen Sie die Ruhe der Natur und wachen Sie am Sommermorgen mit Vogelgezwitscher auf.","breadcrumb":{"@id":"https:\/\/niittykahvila.fi\/de\/uebernachtung-im-heu\/#breadcrumb"},"inLanguage":"de","potentialAction":[{"@type":"ReadAction","target":["https:\/\/niittykahvila.fi\/de\/uebernachtung-im-heu\/"]}]},{"@type":"BreadcrumbList","@id":"https:\/\/niittykahvila.fi\/de\/uebernachtung-im-heu\/#breadcrumb","itemListElement":[{"@type":"ListItem","position":1,"name":"Hiljaisen Kansan Niittykahvila","item":"https:\/\/niittykahvila.fi\/de\/"},{"@type":"ListItem","position":2,"name":"\u00dcbernachtung Im Heu"}]},{"@type":"WebSite","@id":"https:\/\/niittykahvila.fi\/de\/#website","url":"https:\/\/niittykahvila.fi\/de\/","name":"Hiljaisen Kansan Niittykahvila","description":"","publisher":{"@id":"https:\/\/niittykahvila.fi\/de\/#organization"},"alternateName":"The Silent People","potentialAction":[{"@type":"SearchAction","target":{"@type":"EntryPoint","urlTemplate":"https:\/\/niittykahvila.fi\/de\/?s={search_term_string}"},"query-input":{"@type":"PropertyValueSpecification","valueRequired":true,"valueName":"search_term_string"}}],"inLanguage":"de"},{"@type":"Organization","@id":"https:\/\/niittykahvila.fi\/de\/#organization","name":"Hiljaisen Kansan Niittykahvila","alternateName":"The Silent People","url":"https:\/\/niittykahvila.fi\/de\/","logo":{"@type":"ImageObject","inLanguage":"de","@id":"https:\/\/niittykahvila.fi\/de\/#\/schema\/logo\/image\/","url":"http:\/\/niittykahvila.fi\/wp-content\/uploads\/Niittykahvila.png","contentUrl":"http:\/\/niittykahvila.fi\/wp-content\/uploads\/Niittykahvila.png","width":280,"height":112,"caption":"Hiljaisen Kansan Niittykahvila"},"image":{"@id":"https:\/\/niittykahvila.fi\/de\/#\/schema\/logo\/image\/"},"sameAs":["https:\/\/facebook.com\/fbHiljainenKansa\/","https:\/\/instagram.com\/the_silent_people\/"]}]}},"_links":{"self":[{"href":"https:\/\/niittykahvila.fi\/de\/wp-json\/wp\/v2\/pages\/1058","targetHints":{"allow":["GET"]}}],"collection":[{"href":"https:\/\/niittykahvila.fi\/de\/wp-json\/wp\/v2\/pages"}],"about":[{"href":"https:\/\/niittykahvila.fi\/de\/wp-json\/wp\/v2\/types\/page"}],"author":[{"embeddable":true,"href":"https:\/\/niittykahvila.fi\/de\/wp-json\/wp\/v2\/users\/1"}],"replies":[{"embeddable":true,"href":"https:\/\/niittykahvila.fi\/de\/wp-json\/wp\/v2\/comments?post=1058"}],"version-history":[{"count":0,"href":"https:\/\/niittykahvila.fi\/de\/wp-json\/wp\/v2\/pages\/1058\/revisions"}],"wp:attachment":[{"href":"https:\/\/niittykahvila.fi\/de\/wp-json\/wp\/v2\/media?parent=1058"}],"curies":[{"name":"wp","href":"https:\/\/api.w.org\/{rel}","templated":true}]}}