{"id":1050,"date":"2023-03-23T14:28:55","date_gmt":"2023-03-23T12:28:55","guid":{"rendered":"http:\/\/niittykahvila.web130.webhotelli.fi\/?page_id=1050"},"modified":"2023-05-05T10:36:25","modified_gmt":"2023-05-05T07:36:25","slug":"wiesencafe","status":"publish","type":"page","link":"https:\/\/niittykahvila.fi\/de\/wiesencafe\/","title":{"rendered":"Niittykahvila &#8211; Wiesencaf\u00e9"},"content":{"rendered":"\t<div id=\"gap-2018512943\" class=\"gap-element clearfix\" style=\"display:block; height:auto;\">\n\t\t\n<style>\n#gap-2018512943 {\n  padding-top: 30px;\n}\n<\/style>\n\t<\/div>\n\t\n<div class=\"row row-large align-center\"  id=\"row-1096059651\">\n\n\t<div id=\"col-321113105\" class=\"col medium-12 small-12 large-6\"  >\n\t\t\t\t<div class=\"col-inner text-center\"  >\n\t\t\t\n\t\t\t\n\t<div id=\"text-4214817009\" class=\"text\">\n\t\t\n<h3 class=\"alt-font\">Das gelobte Land der Pfannkuchen<\/h3>\n\t\t\n<style>\n#text-4214817009 {\n  color: rgb(204, 153, 102);\n}\n#text-4214817009 > * {\n  color: rgb(204, 153, 102);\n}\n<\/style>\n\t<\/div>\n\t\n<h1>Das Wiesencaf\u00e9<\/h1>\n<p>Die Klassiker im Wiesencaf\u00e9, Kaffee und Pfannkuchen, findet jedes Jahr neue, begeisterte Anh\u00e4nger. Den authentischen Geschmack kr\u00f6nt ein leichtes Raucharoma, denn wir bereiten beides \u00fcber offenem Feuer zu und verlassen uns auf gute Butter und frisch ger\u00f6stete Kaffeebohnen. Selbst passionierte Kaffeeliebhaber werden auch bei intensiver Suche in Finnland kein vergleichbares Caf\u00e9 finden: Nur hier, am Wiesenrand im Nirgendwo, kommen die magische Ausstrahlung des Stillen Volkes, die alten Heuwiesen voller Erinnerungen, authentische Lagerfeueraromen, internationale G\u00e4ste aus aller Welt und gut gelaunte Bewirtung in ganz besonderer Form zusammen.<\/p>\n<p>Neben Pfannkuchen erhalten Sie im Wiesencaf\u00e9 auch regionale herzhafte Leckerbissen mit echt nordischer Geschmacksnote. Zur Erfrischung gibt es Eis aus der Region und einen hauseigenen Saft aus Ebereschenbl\u00e4ttern. In unserem kleinen Laden finden Sie traditionelle Handarbeiten und geschnitztes lokales Kunsthandwerk sowie Produkte aus der Natur und mit Biosiegel zum Mitnehmen. Bei B\u00e4renhunger hilft ein Besuch in unserem Niittytupa-Restaurant.<\/p>\n<p>Anschlie\u00dfend machen Sie es sich mit Ihrem zufriedenen Bauch auf dem Heuboden gem\u00fctlich.<\/p>\n\t\t<\/div>\n\t\t\t\t\t<\/div>\n\n\t\n\n\t<div id=\"col-2065512042\" class=\"col medium-12 small-12 large-6\"  >\n\t\t\t\t<div class=\"col-inner\"  >\n\t\t\t\n\t\t\t\n\t<div id=\"gap-341619550\" class=\"gap-element clearfix\" style=\"display:block; height:auto;\">\n\t\t\n<style>\n#gap-341619550 {\n  padding-top: 0px;\n}\n@media (min-width:850px) {\n  #gap-341619550 {\n    padding-top: 90px;\n  }\n}\n<\/style>\n\t<\/div>\n\t\n\n<p><iframe loading=\"lazy\" title=\"YouTube video player\" src=\"https:\/\/www.youtube.com\/embed\/kPgVKq-wJAI\" width=\"100%\" height=\"300\" frameborder=\"0\" allowfullscreen=\"allowfullscreen\" data-mce-fragment=\"1\"><\/iframe><br \/>\n\n\t\t<\/div>\n\t\t\t\t\t<\/div>\n\n\t\n<\/div>\n\t<div id=\"gap-827056101\" class=\"gap-element clearfix\" style=\"display:block; height:auto;\">\n\t\t\n<style>\n#gap-827056101 {\n  padding-top: 0px;\n}\n@media (min-width:850px) {\n  #gap-827056101 {\n    padding-top: 60px;\n  }\n}\n<\/style>\n\t<\/div>\n\t\n<div class=\"row\" style=\"max-width:1200px\" id=\"row-1807557653\">\n\n\t<div id=\"col-362763008\" class=\"col small-12 large-12\"  >\n\t\t\t\t<div class=\"col-inner text-center\"  >\n\t\t\t\n\t\t\t\n\t<div id=\"text-457455599\" class=\"text\">\n\t\t\n<h3 class=\"alt-font\">Sommerspezialit\u00e4ten<\/h3>\n\t\t\n<style>\n#text-457455599 {\n  color: rgb(204, 153, 102);\n}\n#text-457455599 > * {\n  color: rgb(204, 153, 102);\n}\n<\/style>\n\t<\/div>\n\t\n<h1>im Wiesencaf\u00e9<\/h1>\n<p>Alle unsere Leckereien haben eins gemeinsam: lokale Zutaten und gute Qualit\u00e4t. G\u00f6nnen Sie sich also einen besonderen Genuss am Wiesenrand.<\/p>\n\t\t<\/div>\n\t\t\t\t\t<\/div>\n\n\t\n\n\t<div id=\"col-2140677289\" class=\"col medium-6 small-12 large-4\"  >\n\t\t\t\t<div class=\"col-inner\"  >\n\t\t\t\n\t\t\t\n\t<div class=\"img has-hover x md-x lg-x y md-y lg-y\" id=\"image_906052106\">\n\t\t\t\t\t\t\t\t<div class=\"img-inner dark\" >\n\t\t\t<img loading=\"lazy\" decoding=\"async\" width=\"370\" height=\"248\" src=\"https:\/\/niittykahvila.fi\/wp-content\/uploads\/IMG_5.png\" class=\"attachment-original size-original\" alt=\"\" \/>\t\t\t\t\t\t\n\t\t\t\t\t<\/div>\n\t\t\t\t\t\t\t\t\n<style>\n#image_906052106 {\n  width: 100%;\n}\n<\/style>\n\t<\/div>\n\t\n<table>\n<tbody>\n<tr>\n<td style=\"text-align: left;\" width=\"90%\"><span style=\"font-size: 16px; color: #222222;\"><strong>Pfannkuchen und frisch gebr\u00fchter Kaffee<\/strong><\/span><\/td>\n<td style=\"text-align: right;\" width=\"10%\"><\/td>\n<\/tr>\n<\/tbody>\n<\/table>\n<p class=\"after-table\">Kaffee und Pfannkuchen vom offenen Feuer wird es bei uns immer geben. Neben Himbeermarmelade bieten wir zu den Pfannkuchen auch eine herzhafte Schinken-Rentier- oder Gem\u00fcsef\u00fcllung an. Au\u00dferdem backen wir Pfannkuchen auch glutenfrei.<\/p>\n\t\t<\/div>\n\t\t\t\t\t<\/div>\n\n\t\n\n\t<div id=\"col-1372641475\" class=\"col medium-6 small-12 large-4\"  >\n\t\t\t\t<div class=\"col-inner\"  >\n\t\t\t\n\t\t\t\n\t<div class=\"img has-hover x md-x lg-x y md-y lg-y\" id=\"image_1785228204\">\n\t\t\t\t\t\t\t\t<div class=\"img-inner dark\" >\n\t\t\t<img loading=\"lazy\" decoding=\"async\" width=\"370\" height=\"248\" src=\"https:\/\/niittykahvila.fi\/wp-content\/uploads\/IMG_6.png\" class=\"attachment-original size-original\" alt=\"\" \/>\t\t\t\t\t\t\n\t\t\t\t\t<\/div>\n\t\t\t\t\t\t\t\t\n<style>\n#image_1785228204 {\n  width: 100%;\n}\n<\/style>\n\t<\/div>\n\t\n<table>\n<tbody>\n<tr>\n<td style=\"text-align: left;\" width=\"90%\"><span style=\"font-size: 16px; color: #222222;\"><strong>Lohikukot<\/strong><\/span><\/td>\n<td style=\"text-align: right;\" width=\"10%\"><\/td>\n<\/tr>\n<\/tbody>\n<\/table>\n<p class=\"after-table\">Jeden Sommer erfreut sich au\u00dferdem die Spezialit\u00e4t Lohikukko gro\u00dfer Beliebtheit \u2013 Lachs in einer Roggenteigh\u00fclle, mit biologischen Zutaten lokal zubereitet und frisch aus dem Backofen serviert.<\/p>\n\t\t<\/div>\n\t\t\t\t\t<\/div>\n\n\t\n\n\t<div id=\"col-1456055615\" class=\"col medium-6 small-12 large-4\"  >\n\t\t\t\t<div class=\"col-inner\"  >\n\t\t\t\n\t\t\t\n\t<div class=\"img has-hover x md-x lg-x y md-y lg-y\" id=\"image_1605581459\">\n\t\t\t\t\t\t\t\t<div class=\"img-inner dark\" >\n\t\t\t<img loading=\"lazy\" decoding=\"async\" width=\"370\" height=\"248\" src=\"https:\/\/niittykahvila.fi\/wp-content\/uploads\/IMG_7.png\" class=\"attachment-original size-original\" alt=\"\" \/>\t\t\t\t\t\t\n\t\t\t\t\t<\/div>\n\t\t\t\t\t\t\t\t\n<style>\n#image_1605581459 {\n  width: 100%;\n}\n<\/style>\n\t<\/div>\n\t\n<table>\n<tbody>\n<tr>\n<td style=\"text-align: left;\" width=\"60%\"><span style=\"font-size: 16px; color: #222222;\"><strong>Pihlajan Kyynel<\/strong><\/span><\/td>\n<td style=\"text-align: right;\" width=\"40%\"><\/td>\n<\/tr>\n<\/tbody>\n<\/table>\n<p class=\"after-table\">Unser hauseigenes Erfrischungsgetr\u00e4nk, hergestellt aus Ebereschenbl\u00e4ttern. \u00dcberraschend gut! Erh\u00e4ltlich in der Flasche oder im Ausschank.<\/p>\n\t\t<\/div>\n\t\t\t\t\t<\/div>\n\n\t\n\n\t<div id=\"col-207043713\" class=\"col medium-6 small-12 large-4\"  >\n\t\t\t\t<div class=\"col-inner\"  >\n\t\t\t\n\t\t\t\n\t<div class=\"img has-hover x md-x lg-x y md-y lg-y\" id=\"image_314438259\">\n\t\t\t\t\t\t\t\t<div class=\"img-inner dark\" >\n\t\t\t<img loading=\"lazy\" decoding=\"async\" width=\"370\" height=\"248\" src=\"https:\/\/niittykahvila.fi\/wp-content\/uploads\/IMG_8.png\" class=\"attachment-original size-original\" alt=\"\" \/>\t\t\t\t\t\t\n\t\t\t\t\t<\/div>\n\t\t\t\t\t\t\t\t\n<style>\n#image_314438259 {\n  width: 100%;\n}\n<\/style>\n\t<\/div>\n\t\n<table>\n<tbody>\n<tr>\n<td style=\"text-align: left;\" width=\"90%\"><span style=\"font-size: 16px; color: #222222;\"><strong>TupaRulla<\/strong><\/span><\/td>\n<td style=\"text-align: right;\" width=\"10%\"><\/td>\n<\/tr>\n<\/tbody>\n<\/table>\n<p class=\"after-table\">Die TupaRulla-Rolle ist eine k\u00fchle, nordische Sommeralternative, wenn Sie Lust auf einen herzhaften Snack haben. Wir verwenden dazu w\u00fcrzigen Giersch-Pesto aus unserem eigenen Kr\u00e4utergarten.<\/p>\n\t\t<\/div>\n\t\t\t\t\t<\/div>\n\n\t\n\n\t<div id=\"col-1734688492\" class=\"col medium-6 small-12 large-4\"  >\n\t\t\t\t<div class=\"col-inner\"  >\n\t\t\t\n\t\t\t\n\t<div class=\"img has-hover x md-x lg-x y md-y lg-y\" id=\"image_1625141116\">\n\t\t\t\t\t\t\t\t<div class=\"img-inner dark\" >\n\t\t\t<img loading=\"lazy\" decoding=\"async\" width=\"370\" height=\"248\" src=\"https:\/\/niittykahvila.fi\/wp-content\/uploads\/IMG_9.png\" class=\"attachment-original size-original\" alt=\"\" \/>\t\t\t\t\t\t\n\t\t\t\t\t<\/div>\n\t\t\t\t\t\t\t\t\n<style>\n#image_1625141116 {\n  width: 100%;\n}\n<\/style>\n\t<\/div>\n\t\n<table>\n<tbody>\n<tr>\n<td style=\"text-align: left;\" width=\"90%\"><span style=\"font-size: 16px; color: #222222;\"><strong>Hiukopala<\/strong><\/span><\/td>\n<td style=\"text-align: right;\" width=\"10%\"><\/td>\n<\/tr>\n<\/tbody>\n<\/table>\n<p class=\"after-table\">Hiukopala ist eine warme, herzhafte Zwischenmahlzeit f\u00fcr den Sommer. Daf\u00fcr verwenden wir selbstgebackene Bio-Br\u00f6tchen. Als F\u00fcllung k\u00f6nnen Sie zwischen Wiener W\u00fcrstchen, Makkara-Bratwurst oder Rentierwurst w\u00e4hlen, dazu reichen wir Krautsalat. Ein Spiegelei sorgt f\u00fcr zus\u00e4tzliche St\u00e4rkung.<\/p>\n\t\t<\/div>\n\t\t\t\t\t<\/div>\n\n\t\n\n\t<div id=\"col-1252360057\" class=\"col medium-6 small-12 large-4\"  >\n\t\t\t\t<div class=\"col-inner\"  >\n\t\t\t\n\t\t\t\n\t<div class=\"img has-hover x md-x lg-x y md-y lg-y\" id=\"image_1716154967\">\n\t\t\t\t\t\t\t\t<div class=\"img-inner dark\" >\n\t\t\t<img loading=\"lazy\" decoding=\"async\" width=\"370\" height=\"248\" src=\"https:\/\/niittykahvila.fi\/wp-content\/uploads\/IMG_10.png\" class=\"attachment-original size-original\" alt=\"\" \/>\t\t\t\t\t\t\n\t\t\t\t\t<\/div>\n\t\t\t\t\t\t\t\t\n<style>\n#image_1716154967 {\n  width: 100%;\n}\n<\/style>\n\t<\/div>\n\t\n<table>\n<tbody>\n<tr>\n<td style=\"text-align: left;\" width=\"60%\"><span style=\"font-size: 16px; color: #222222;\"><strong>Eis<\/strong><\/span><\/td>\n<td style=\"text-align: right;\" width=\"40%\"><\/td>\n<\/tr>\n<\/tbody>\n<\/table>\n<p class=\"after-table\">Nat\u00fcrlich geh\u00f6rt auch Eis zum finnischen Sommer und so auch ins Wiesencaf\u00e9, vor allem die samtweichen \u201eGenussperlen\u201c direkt vom Bauernhof.<\/p>\n\t\t<\/div>\n\t\t\t\t\t<\/div>\n\n\t\n\n\t<div id=\"col-672427762\" class=\"col medium-6 small-12 large-4\"  >\n\t\t\t\t<div class=\"col-inner\"  >\n\t\t\t\n\t\t\t\n\t<div class=\"img has-hover x md-x lg-x y md-y lg-y\" id=\"image_1471699844\">\n\t\t\t\t\t\t\t\t<div class=\"img-inner dark\" >\n\t\t\t<img loading=\"lazy\" decoding=\"async\" width=\"370\" height=\"248\" src=\"https:\/\/niittykahvila.fi\/wp-content\/uploads\/IMG_11.png\" class=\"attachment-original size-original\" alt=\"\" \/>\t\t\t\t\t\t\n\t\t\t\t\t<\/div>\n\t\t\t\t\t\t\t\t\n<style>\n#image_1471699844 {\n  width: 100%;\n}\n<\/style>\n\t<\/div>\n\t\n<table>\n<tbody>\n<tr>\n<td style=\"text-align: left;\" width=\"90%\"><span style=\"font-size: 16px; color: #222222;\"><strong>Bratwurst<\/strong><\/span><\/td>\n<td style=\"text-align: right;\" width=\"10%\"><\/td>\n<\/tr>\n<\/tbody>\n<\/table>\n<p class=\"after-table\">Das traditionelle \u201eSommergem\u00fcse\u201c, die Bratwurst \u201eMakkara\u201c, eignet sich gut zum Grillen am Lagerfeuer, auch Rentierw\u00fcrste sind im Angebot.<\/p>\n\t\t<\/div>\n\t\t\t\t\t<\/div>\n\n\t\n<\/div>\n\t<div id=\"gap-945313330\" class=\"gap-element clearfix\" style=\"display:block; height:auto;\">\n\t\t\n<style>\n#gap-945313330 {\n  padding-top: 0px;\n}\n@media (min-width:850px) {\n  #gap-945313330 {\n    padding-top: 60px;\n  }\n}\n<\/style>\n\t<\/div>\n\t\n<div class=\"row row-large align-middle align-center\"  id=\"row-1011477989\">\n\n\t<div id=\"col-708542706\" class=\"col medium-12 small-12 large-6\"  >\n\t\t\t\t<div class=\"col-inner text-center\"  >\n\t\t\t\n\t\t\t\n\t<div id=\"text-2793710049\" class=\"text\">\n\t\t\n<h3 class=\"alt-font\">Kainuu-Unternehmen des Jahres 2020<\/h3>\n\t\t\n<style>\n#text-2793710049 {\n  color: rgb(204, 153, 102);\n}\n#text-2793710049 > * {\n  color: rgb(204, 153, 102);\n}\n<\/style>\n\t<\/div>\n\t\n<h1>im \u201eMaistuva Maaseutu\u201c-<br \/>\nWettbewerb!<\/h1>\n<p>\u201eProdukte und Dienstleistungen eines Maistuva Maaseutu-Unternehmens sind schmackhaft, abwechslungsreich und innovativ. Die Aktivit\u00e4ten des Unternehmens haben bedeutenden Einfluss auf die Dynamik und Sichtbarkeit des l\u00e4ndlichen Raums und der umliegenden Gemeinden. Bei der Maistuva Maaseutu-Kampagne geht es darum, die gro\u00dfartigen Geschmackserlebnisse, Zutaten und Nahrungsmittelunternehmen im l\u00e4ndlichen Raum zu w\u00fcrdigen.\u201c<\/p>\n<p>Der Preis wurde uns vom Verband der Frauen in Landwirtschaft und Hauswirtschaft Ostfinnlands, ProAgria It\u00e4-Suomi, verliehen. Wir sind sehr gl\u00fccklich und stolz! Vielen Dank!<\/p>\n\t\t<\/div>\n\t\t\t\t\t<\/div>\n\n\t\n\n\t<div id=\"col-61370750\" class=\"col medium-12 small-12 large-6\"  >\n\t\t\t\t<div class=\"col-inner\"  >\n\t\t\t\n\t\t\t\n\t<div class=\"img has-hover x md-x lg-x y md-y lg-y\" id=\"image_815863068\">\n\t\t\t\t\t\t\t\t<div class=\"img-inner dark\" >\n\t\t\t<img loading=\"lazy\" decoding=\"async\" width=\"602\" height=\"472\" src=\"https:\/\/niittykahvila.fi\/wp-content\/uploads\/IMG_12.png\" class=\"attachment-original size-original\" alt=\"\" \/>\t\t\t\t\t\t\n\t\t\t\t\t<\/div>\n\t\t\t\t\t\t\t\t\n<style>\n#image_815863068 {\n  width: 100%;\n}\n<\/style>\n\t<\/div>\n\t\n\t\t<\/div>\n\t\t\t\t\t<\/div>\n\n\t\n<\/div>\n","protected":false},"excerpt":{"rendered":"","protected":false},"author":1,"featured_media":0,"parent":0,"menu_order":0,"comment_status":"closed","ping_status":"closed","template":"page-blank.php","meta":{"footnotes":""},"class_list":["post-1050","page","type-page","status-publish","hentry"],"yoast_head":"<!-- This site is optimized with the Yoast SEO Premium plugin v20.6 (Yoast SEO v25.9) - https:\/\/yoast.com\/wordpress\/plugins\/seo\/ -->\n<title>Das gelobte Land der Pfannkuchen &#8211; Das Wiesencaf\u00e9<\/title>\n<meta name=\"description\" content=\"Die Klassiker im Wiesencaf\u00e9, Kaffee und Pfannkuchen, findet jedes Jahr neue, begeisterte Anh\u00e4nger. G\u00f6nnen Sie sich also einen besonderen Genuss am Wiesenrand.\" \/>\n<meta name=\"robots\" content=\"index, follow, max-snippet:-1, max-image-preview:large, max-video-preview:-1\" \/>\n<link rel=\"canonical\" href=\"https:\/\/niittykahvila.fi\/de\/wiesencafe\/\" \/>\n<meta property=\"og:locale\" content=\"de_DE\" \/>\n<meta property=\"og:type\" content=\"article\" \/>\n<meta property=\"og:title\" content=\"Niittykahvila - Wiesencaf\u00e9 &#8211; Hiljaisen Kansan Niittykahvila\" \/>\n<meta property=\"og:description\" content=\"Die Klassiker im Wiesencaf\u00e9, Kaffee und Pfannkuchen, findet jedes Jahr neue, begeisterte Anh\u00e4nger. G\u00f6nnen Sie sich also einen besonderen Genuss am Wiesenrand.\" \/>\n<meta property=\"og:url\" content=\"https:\/\/niittykahvila.fi\/de\/wiesencafe\/\" \/>\n<meta property=\"og:site_name\" content=\"Hiljaisen Kansan Niittykahvila\" \/>\n<meta property=\"article:publisher\" content=\"https:\/\/facebook.com\/fbHiljainenKansa\/\" \/>\n<meta property=\"article:modified_time\" content=\"2023-05-05T07:36:25+00:00\" \/>\n<meta name=\"twitter:card\" content=\"summary_large_image\" \/>\n<meta name=\"twitter:label1\" content=\"Gesch\u00e4tzte Lesezeit\" \/>\n\t<meta name=\"twitter:data1\" content=\"4\u00a0Minuten\" \/>\n<script type=\"application\/ld+json\" class=\"yoast-schema-graph\">{\"@context\":\"https:\/\/schema.org\",\"@graph\":[{\"@type\":\"WebPage\",\"@id\":\"https:\/\/niittykahvila.fi\/de\/wiesencafe\/\",\"url\":\"https:\/\/niittykahvila.fi\/de\/wiesencafe\/\",\"name\":\"Das gelobte Land der Pfannkuchen &#8211; Das Wiesencaf\u00e9\",\"isPartOf\":{\"@id\":\"https:\/\/niittykahvila.fi\/de\/#website\"},\"datePublished\":\"2023-03-23T12:28:55+00:00\",\"dateModified\":\"2023-05-05T07:36:25+00:00\",\"description\":\"Die Klassiker im Wiesencaf\u00e9, Kaffee und Pfannkuchen, findet jedes Jahr neue, begeisterte Anh\u00e4nger. G\u00f6nnen Sie sich also einen besonderen Genuss am Wiesenrand.\",\"breadcrumb\":{\"@id\":\"https:\/\/niittykahvila.fi\/de\/wiesencafe\/#breadcrumb\"},\"inLanguage\":\"de\",\"potentialAction\":[{\"@type\":\"ReadAction\",\"target\":[\"https:\/\/niittykahvila.fi\/de\/wiesencafe\/\"]}]},{\"@type\":\"BreadcrumbList\",\"@id\":\"https:\/\/niittykahvila.fi\/de\/wiesencafe\/#breadcrumb\",\"itemListElement\":[{\"@type\":\"ListItem\",\"position\":1,\"name\":\"Hiljaisen Kansan Niittykahvila\",\"item\":\"https:\/\/niittykahvila.fi\/de\/\"},{\"@type\":\"ListItem\",\"position\":2,\"name\":\"Niittykahvila &#8211; Wiesencaf\u00e9\"}]},{\"@type\":\"WebSite\",\"@id\":\"https:\/\/niittykahvila.fi\/de\/#website\",\"url\":\"https:\/\/niittykahvila.fi\/de\/\",\"name\":\"Hiljaisen Kansan Niittykahvila\",\"description\":\"\",\"publisher\":{\"@id\":\"https:\/\/niittykahvila.fi\/de\/#organization\"},\"alternateName\":\"The Silent People\",\"potentialAction\":[{\"@type\":\"SearchAction\",\"target\":{\"@type\":\"EntryPoint\",\"urlTemplate\":\"https:\/\/niittykahvila.fi\/de\/?s={search_term_string}\"},\"query-input\":{\"@type\":\"PropertyValueSpecification\",\"valueRequired\":true,\"valueName\":\"search_term_string\"}}],\"inLanguage\":\"de\"},{\"@type\":\"Organization\",\"@id\":\"https:\/\/niittykahvila.fi\/de\/#organization\",\"name\":\"Hiljaisen Kansan Niittykahvila\",\"alternateName\":\"The Silent People\",\"url\":\"https:\/\/niittykahvila.fi\/de\/\",\"logo\":{\"@type\":\"ImageObject\",\"inLanguage\":\"de\",\"@id\":\"https:\/\/niittykahvila.fi\/de\/#\/schema\/logo\/image\/\",\"url\":\"https:\/\/niittykahvila.fi\/wp-content\/uploads\/Niittykahvila.png\",\"contentUrl\":\"https:\/\/niittykahvila.fi\/wp-content\/uploads\/Niittykahvila.png\",\"width\":280,\"height\":112,\"caption\":\"Hiljaisen Kansan Niittykahvila\"},\"image\":{\"@id\":\"https:\/\/niittykahvila.fi\/de\/#\/schema\/logo\/image\/\"},\"sameAs\":[\"https:\/\/facebook.com\/fbHiljainenKansa\/\",\"https:\/\/instagram.com\/the_silent_people\/\"]}]}<\/script>\n<!-- \/ Yoast SEO Premium plugin. -->","yoast_head_json":{"title":"Das gelobte Land der Pfannkuchen &#8211; Das Wiesencaf\u00e9","description":"Die Klassiker im Wiesencaf\u00e9, Kaffee und Pfannkuchen, findet jedes Jahr neue, begeisterte Anh\u00e4nger. G\u00f6nnen Sie sich also einen besonderen Genuss am Wiesenrand.","robots":{"index":"index","follow":"follow","max-snippet":"max-snippet:-1","max-image-preview":"max-image-preview:large","max-video-preview":"max-video-preview:-1"},"canonical":"https:\/\/niittykahvila.fi\/de\/wiesencafe\/","og_locale":"de_DE","og_type":"article","og_title":"Niittykahvila - Wiesencaf\u00e9 &#8211; Hiljaisen Kansan Niittykahvila","og_description":"Die Klassiker im Wiesencaf\u00e9, Kaffee und Pfannkuchen, findet jedes Jahr neue, begeisterte Anh\u00e4nger. G\u00f6nnen Sie sich also einen besonderen Genuss am Wiesenrand.","og_url":"https:\/\/niittykahvila.fi\/de\/wiesencafe\/","og_site_name":"Hiljaisen Kansan Niittykahvila","article_publisher":"https:\/\/facebook.com\/fbHiljainenKansa\/","article_modified_time":"2023-05-05T07:36:25+00:00","twitter_card":"summary_large_image","twitter_misc":{"Gesch\u00e4tzte Lesezeit":"4\u00a0Minuten"},"schema":{"@context":"https:\/\/schema.org","@graph":[{"@type":"WebPage","@id":"https:\/\/niittykahvila.fi\/de\/wiesencafe\/","url":"https:\/\/niittykahvila.fi\/de\/wiesencafe\/","name":"Das gelobte Land der Pfannkuchen &#8211; Das Wiesencaf\u00e9","isPartOf":{"@id":"https:\/\/niittykahvila.fi\/de\/#website"},"datePublished":"2023-03-23T12:28:55+00:00","dateModified":"2023-05-05T07:36:25+00:00","description":"Die Klassiker im Wiesencaf\u00e9, Kaffee und Pfannkuchen, findet jedes Jahr neue, begeisterte Anh\u00e4nger. G\u00f6nnen Sie sich also einen besonderen Genuss am Wiesenrand.","breadcrumb":{"@id":"https:\/\/niittykahvila.fi\/de\/wiesencafe\/#breadcrumb"},"inLanguage":"de","potentialAction":[{"@type":"ReadAction","target":["https:\/\/niittykahvila.fi\/de\/wiesencafe\/"]}]},{"@type":"BreadcrumbList","@id":"https:\/\/niittykahvila.fi\/de\/wiesencafe\/#breadcrumb","itemListElement":[{"@type":"ListItem","position":1,"name":"Hiljaisen Kansan Niittykahvila","item":"https:\/\/niittykahvila.fi\/de\/"},{"@type":"ListItem","position":2,"name":"Niittykahvila &#8211; Wiesencaf\u00e9"}]},{"@type":"WebSite","@id":"https:\/\/niittykahvila.fi\/de\/#website","url":"https:\/\/niittykahvila.fi\/de\/","name":"Hiljaisen Kansan Niittykahvila","description":"","publisher":{"@id":"https:\/\/niittykahvila.fi\/de\/#organization"},"alternateName":"The Silent People","potentialAction":[{"@type":"SearchAction","target":{"@type":"EntryPoint","urlTemplate":"https:\/\/niittykahvila.fi\/de\/?s={search_term_string}"},"query-input":{"@type":"PropertyValueSpecification","valueRequired":true,"valueName":"search_term_string"}}],"inLanguage":"de"},{"@type":"Organization","@id":"https:\/\/niittykahvila.fi\/de\/#organization","name":"Hiljaisen Kansan Niittykahvila","alternateName":"The Silent People","url":"https:\/\/niittykahvila.fi\/de\/","logo":{"@type":"ImageObject","inLanguage":"de","@id":"https:\/\/niittykahvila.fi\/de\/#\/schema\/logo\/image\/","url":"https:\/\/niittykahvila.fi\/wp-content\/uploads\/Niittykahvila.png","contentUrl":"https:\/\/niittykahvila.fi\/wp-content\/uploads\/Niittykahvila.png","width":280,"height":112,"caption":"Hiljaisen Kansan Niittykahvila"},"image":{"@id":"https:\/\/niittykahvila.fi\/de\/#\/schema\/logo\/image\/"},"sameAs":["https:\/\/facebook.com\/fbHiljainenKansa\/","https:\/\/instagram.com\/the_silent_people\/"]}]}},"_links":{"self":[{"href":"https:\/\/niittykahvila.fi\/de\/wp-json\/wp\/v2\/pages\/1050","targetHints":{"allow":["GET"]}}],"collection":[{"href":"https:\/\/niittykahvila.fi\/de\/wp-json\/wp\/v2\/pages"}],"about":[{"href":"https:\/\/niittykahvila.fi\/de\/wp-json\/wp\/v2\/types\/page"}],"author":[{"embeddable":true,"href":"https:\/\/niittykahvila.fi\/de\/wp-json\/wp\/v2\/users\/1"}],"replies":[{"embeddable":true,"href":"https:\/\/niittykahvila.fi\/de\/wp-json\/wp\/v2\/comments?post=1050"}],"version-history":[{"count":0,"href":"https:\/\/niittykahvila.fi\/de\/wp-json\/wp\/v2\/pages\/1050\/revisions"}],"wp:attachment":[{"href":"https:\/\/niittykahvila.fi\/de\/wp-json\/wp\/v2\/media?parent=1050"}],"curies":[{"name":"wp","href":"https:\/\/api.w.org\/{rel}","templated":true}]}}