{"id":1048,"date":"2023-03-24T11:38:42","date_gmt":"2023-03-24T09:38:42","guid":{"rendered":"http:\/\/niittykahvila.web130.webhotelli.fi\/?page_id=1048"},"modified":"2025-03-25T14:28:15","modified_gmt":"2025-03-25T12:28:15","slug":"wiesenhuette-restaurant","status":"publish","type":"page","link":"https:\/\/niittykahvila.fi\/de\/wiesenhuette-restaurant\/","title":{"rendered":"Niittytupa &#8211; Wiesenh\u00fctte-restaurant"},"content":{"rendered":"\t<div id=\"gap-897971618\" class=\"gap-element clearfix\" style=\"display:block; height:auto;\">\n\t\t\n<style>\n#gap-897971618 {\n  padding-top: 30px;\n}\n<\/style>\n\t<\/div>\n\t\n<div class=\"row row-large align-center\"  id=\"row-1845972822\">\n\n\t<div id=\"col-581831075\" class=\"col medium-12 small-12 large-6\"  >\n\t\t\t\t<div class=\"col-inner text-center\"  >\n\t\t\t\n\t\t\t\n\t<div id=\"text-1095920450\" class=\"text\">\n\t\t\n<h3 class=\"alt-font\">Werfen Sie einen Blick in das stimmungsvolle Niittytupa-Blockhaus<\/h3>\n\t\t\n<style>\n#text-1095920450 {\n  color: rgb(204, 153, 102);\n}\n#text-1095920450 > * {\n  color: rgb(204, 153, 102);\n}\n<\/style>\n\t<\/div>\n\t\n<h1>Restaurant Niittytupa<\/h1>\n<p>Mit dem Aufbau von Niittytupa im Jahr 2014 auf dem Feld neben dem Stillen Volk erwachte das alte Gasthaus Finnussalmi wieder zu neuem Leben. Im Schutz der rustikalen Holzbalken und im Schein des Kaminfeuers lohnt es sich in der Sommersaison f\u00fcr Reisende auf der Fernstra\u00dfe\u00a05, hier eine Kaffee- oder Mittagspause einzulegen. Das Luonnotar-Mittagsbuffet wird im Hochsommer jeden Tag angeboten. Auf der Speisekarte finden Sie au\u00dferdem f\u00fcr jeden Tag der Sommersaison lokale, hausgemachte Speisen.<\/p>\n<p>Bei k\u00fchlem finnischem Sommerwetter k\u00f6nnen Sie die \u00fcber dem offenen Feuer des Wiesencaf\u00e9s gebackenen Pfannkuchen mit hinein an den Tisch nehmen und das Stille Volk durch das Fenster bewundern.<\/p>\n<p>Nittytupa ist auch ein idealer Ort f\u00fcr Familienfeiern, Polterabende, Betriebsausfl\u00fcge und Schulungstage oder sogar Klassentreffen. Niittytupa ist ganzj\u00e4hrig f\u00fcr Gruppen reservierbar. Bei uns ist Platz f\u00fcr bis zu 80 G\u00e4ste.<\/p>\n<p>Wechselnde Sommerausstellungen an den Blockhausw\u00e4nden sorgen au\u00dferdem f\u00fcr geistige Nahrung.<\/p>\n\t\t<\/div>\n\t\t\t\t\t<\/div>\n\n\t\n\n\t<div id=\"col-41152711\" class=\"col medium-12 small-12 large-6\"  >\n\t\t\t\t<div class=\"col-inner\"  >\n\t\t\t\n\t\t\t\n\t<div class=\"img has-hover x md-x lg-x y md-y lg-y\" id=\"image_618991640\">\n\t\t\t\t\t\t\t\t<div class=\"img-inner dark\" >\n\t\t\t<img loading=\"lazy\" decoding=\"async\" width=\"2048\" height=\"1365\" src=\"https:\/\/niittykahvila.fi\/wp-content\/uploads\/WT_20230724_hiljainenkansa_keittoikkunalla_lores.jpg\" class=\"attachment-original size-original\" alt=\"\" srcset=\"https:\/\/niittykahvila.fi\/wp-content\/uploads\/WT_20230724_hiljainenkansa_keittoikkunalla_lores.jpg 2048w, https:\/\/niittykahvila.fi\/wp-content\/uploads\/WT_20230724_hiljainenkansa_keittoikkunalla_lores-768x512.jpg 768w, https:\/\/niittykahvila.fi\/wp-content\/uploads\/WT_20230724_hiljainenkansa_keittoikkunalla_lores-1536x1024.jpg 1536w\" sizes=\"auto, (max-width: 2048px) 100vw, 2048px\" \/>\t\t\t\t\t\t\n\t\t\t\t\t<\/div>\n\t\t\t\t\t\t\t\t\n<style>\n#image_618991640 {\n  width: 100%;\n}\n<\/style>\n\t<\/div>\n\t\n\t\t<\/div>\n\t\t\t\t\t<\/div>\n\n\t\n<\/div>\n\t<div id=\"gap-1225495800\" class=\"gap-element clearfix\" style=\"display:block; height:auto;\">\n\t\t\n<style>\n#gap-1225495800 {\n  padding-top: 0px;\n}\n@media (min-width:850px) {\n  #gap-1225495800 {\n    padding-top: 60px;\n  }\n}\n<\/style>\n\t<\/div>\n\t\n<div class=\"row\" style=\"max-width:1200px\" id=\"row-1401436363\">\n\n\t<div id=\"col-533836258\" class=\"col small-12 large-12\"  >\n\t\t\t\t<div class=\"col-inner text-center\"  >\n\t\t\t\n\t\t\t\n\t<div id=\"text-3979153044\" class=\"text\">\n\t\t\n<h3 class=\"alt-font\">Niittytupa<\/h3>\n\t\t\n<style>\n#text-3979153044 {\n  color: rgb(204, 153, 102);\n}\n#text-3979153044 > * {\n  color: rgb(204, 153, 102);\n}\n<\/style>\n\t<\/div>\n\t\n<h1>Besondere Di\u00e4tanspr\u00fcche<\/h1>\n<p>Glutenfreie und laktosefreie Optionen werden bei allen Speisen ber\u00fccksichtigt. Separate Portionsgr\u00f6\u00dfen f\u00fcr Kinder.<\/p>\n\t\t<\/div>\n\t\t\t\t\t<\/div>\n\n\t\n\n\t<div id=\"col-1342036168\" class=\"col medium-6 small-12 large-4\"  >\n\t\t\t\t<div class=\"col-inner\"  >\n\t\t\t\n\t\t\t\n\t<div class=\"img has-hover x md-x lg-x y md-y lg-y\" id=\"image_689711522\">\n\t\t\t\t\t\t\t\t<div class=\"img-inner dark\" >\n\t\t\t<img loading=\"lazy\" decoding=\"async\" width=\"370\" height=\"248\" src=\"https:\/\/niittykahvila.fi\/wp-content\/uploads\/IMG_14.png\" class=\"attachment-original size-original\" alt=\"\" \/>\t\t\t\t\t\t\n\t\t\t\t\t<\/div>\n\t\t\t\t\t\t\t\t\n<style>\n#image_689711522 {\n  width: 100%;\n}\n<\/style>\n\t<\/div>\n\t\n<table>\n<tbody>\n<tr>\n<td style=\"text-align: left;\" width=\"90%\"><span style=\"font-size: 16px; color: #222222;\"><strong>Heuknecht-Mahlzeit auf einem Brett <\/strong><\/span><\/td>\n<td style=\"text-align: right;\" width=\"10%\"><span style=\"font-size: 16px; color: #cc9966;\"><strong>28,90\u20ac<\/strong><\/span><\/td>\n<\/tr>\n<\/tbody>\n<\/table>\n<p class=\"after-table\">In der Gusseisenpfanne gebratene Quetschkartoffeln, Blumenkohl, Sommerzwiebel und Wildk\u00e4uter-Pesto. Fleischkl\u00f6\u00dfchen des Hauses mit Senfso\u00dfe, Omas Gurken, Sommertomate, Hausgebackenes Bio-Brot. Das Gericht beinhaltet einen Vorsalat. Das Gericht wird auf einem Holzbrett serviert.<\/p>\n<p><em><span style=\"color: #cc9966;\">Pfanneportionen f\u00fcr Kinder 18,90\u20ac<\/span><\/em><\/p>\n\t\t<\/div>\n\t\t\t\t\t<\/div>\n\n\t\n\n\t<div id=\"col-1616797221\" class=\"col medium-6 small-12 large-4\"  >\n\t\t\t\t<div class=\"col-inner\"  >\n\t\t\t\n\t\t\t\n\t<div class=\"img has-hover x md-x lg-x y md-y lg-y\" id=\"image_701168188\">\n\t\t\t\t\t\t\t\t<div class=\"img-inner dark\" >\n\t\t\t<img loading=\"lazy\" decoding=\"async\" width=\"370\" height=\"248\" src=\"https:\/\/niittykahvila.fi\/wp-content\/uploads\/IMG_15.png\" class=\"attachment-original size-original\" alt=\"\" \/>\t\t\t\t\t\t\n\t\t\t\t\t<\/div>\n\t\t\t\t\t\t\t\t\n<style>\n#image_701168188 {\n  width: 100%;\n}\n<\/style>\n\t<\/div>\n\t\n<table>\n<tbody>\n<tr>\n<td style=\"text-align: left;\" width=\"90%\"><span style=\"font-size: 16px; color: #222222;\"><strong>Traum der Heurechen-Magd<\/strong><\/span><\/td>\n<td style=\"text-align: right;\" width=\"10%\"><span style=\"font-size: 16px; color: #cc9966;\"><strong>28,90\u20ac<\/strong><\/span><\/td>\n<\/tr>\n<\/tbody>\n<\/table>\n<p class=\"after-table\">In der Gusseisenpfanne gebratene Quetschkartoffeln, Blumenkohl, Sommerzwiebel und Wildkr\u00e4uter-Pesto, M\u00f6hren-Linzen-Steak mit Sauerrahm, Omas Gurken, Sommertomate, Hausgebackenes Bio-Brot. Das Gericht beinhaltet einen Vorsalat. Das Gericht wird auf einem Holzbrett serviert.<\/p>\n<p><em><span style=\"color: #cc9966;\">Pfanneportionen f\u00fcr Kinder 18,90\u20ac<\/span><\/em><\/p>\n\t\t<\/div>\n\t\t\t\t\t<\/div>\n\n\t\n\n\t<div id=\"col-1961314329\" class=\"col medium-6 small-12 large-4\"  >\n\t\t\t\t<div class=\"col-inner\"  >\n\t\t\t\n\t\t\t\n\t<div class=\"img has-hover x md-x lg-x y md-y lg-y\" id=\"image_706825919\">\n\t\t\t\t\t\t\t\t<div class=\"img-inner dark\" >\n\t\t\t<img loading=\"lazy\" decoding=\"async\" width=\"370\" height=\"248\" src=\"https:\/\/niittykahvila.fi\/wp-content\/uploads\/IMG_16.png\" class=\"attachment-original size-original\" alt=\"\" \/>\t\t\t\t\t\t\n\t\t\t\t\t<\/div>\n\t\t\t\t\t\t\t\t\n<style>\n#image_706825919 {\n  width: 100%;\n}\n<\/style>\n\t<\/div>\n\t\n<table>\n<tbody>\n<tr>\n<td style=\"text-align: left;\" width=\"60%\"><span style=\"font-size: 16px; color: #222222;\"><strong>Bonbonbecher<\/strong><\/span><\/td>\n<td style=\"text-align: right;\" width=\"40%\"><span style=\"font-size: 16px; color: #cc9966;\"><strong> 9,90\u20ac<\/strong><\/span><\/td>\n<\/tr>\n<\/tbody>\n<\/table>\n<p class=\"after-table\">Leip\u00e4juusto-W\u00fcrfel, Moltebeer-Konfit\u00fcr des Hauses, Minz-Rahm-Bonbons des Hauses.<br \/>\nKainuus traditioneller Juustoleip\u00e4 (K\u00e4se-Brot) Behandlung.<\/p>\n\t\t<\/div>\n\t\t\t\t\t<\/div>\n\n\t\n<\/div>\n\t<div id=\"gap-256612832\" class=\"gap-element clearfix\" style=\"display:block; height:auto;\">\n\t\t\n<style>\n#gap-256612832 {\n  padding-top: 0px;\n}\n@media (min-width:850px) {\n  #gap-256612832 {\n    padding-top: 60px;\n  }\n}\n<\/style>\n\t<\/div>\n\t\n<div class=\"row row-large align-middle align-center\"  id=\"row-1306808227\">\n\n\t<div id=\"col-1487605600\" class=\"col medium-12 small-12 large-6\"  >\n\t\t\t\t<div class=\"col-inner text-center\"  >\n\t\t\t\n\t\t\t\n\t<div id=\"text-2976077412\" class=\"text\">\n\t\t\n<h3 class=\"alt-font\">Jeden Tag 18.6.-3.8.2025<\/h3>\n\t\t\n<style>\n#text-2976077412 {\n  color: rgb(204, 153, 102);\n}\n#text-2976077412 > * {\n  color: rgb(204, 153, 102);\n}\n<\/style>\n\t<\/div>\n\t\n<h1>Lunchbuffet vom Naturgeist Luonnotar<\/h1>\n<p>Am Lunchbuffet vom Naturgeist Luonnottar k\u00f6nnen Sie eine Symphonie von Aromen aus den Sch\u00e4tzen der Natur genie\u00dfen. Die Zutaten f\u00fcr den frischen Salattisch stammen von der Wiese rund um das Bauernhaus und von lokalen Erzeugern. Leckere Suppen werden mit lokalen Zutaten gekocht, liebevoll zubereitet und in der gem\u00fctlichen H\u00fctte genossen, w\u00e4hrend man das Stille Volk bewundert.<\/p>\n<a href=\"#lunchmenu\" target=\"_self\" class=\"button primary is-underline\"  >\n    <span>Siehe Lunchmenu<\/span>\n  <\/a>\n\n\t<div id=\"gap-1586339430\" class=\"gap-element clearfix\" style=\"display:block; height:auto;\">\n\t\t\n<style>\n#gap-1586339430 {\n  padding-top: 15px;\n}\n<\/style>\n\t<\/div>\n\t\n<a href=\"http:\/\/niittykahvila.fi\/de\/kontaktinformationen\/\" target=\"_self\" class=\"button primary\"  >\n    <span>Fragen Sie nach Gruppenessen<\/span>\n  <\/a>\n\n\t\t<\/div>\n\t\t\t\t\t<\/div>\n\n\t\n\n\t<div id=\"col-503731586\" class=\"col medium-12 small-12 large-6\"  >\n\t\t\t\t<div class=\"col-inner\"  >\n\t\t\t\n\t\t\t\n\t<div class=\"img has-hover x md-x lg-x y md-y lg-y\" id=\"image_1351680120\">\n\t\t\t\t\t\t\t\t<div class=\"img-inner dark\" >\n\t\t\t<img loading=\"lazy\" decoding=\"async\" width=\"1366\" height=\"2048\" src=\"https:\/\/niittykahvila.fi\/wp-content\/uploads\/WT_20230724_hiljainenkansa_punainensoossi_lores.jpg\" class=\"attachment-original size-original\" alt=\"\" srcset=\"https:\/\/niittykahvila.fi\/wp-content\/uploads\/WT_20230724_hiljainenkansa_punainensoossi_lores.jpg 1366w, https:\/\/niittykahvila.fi\/wp-content\/uploads\/WT_20230724_hiljainenkansa_punainensoossi_lores-768x1151.jpg 768w, https:\/\/niittykahvila.fi\/wp-content\/uploads\/WT_20230724_hiljainenkansa_punainensoossi_lores-1025x1536.jpg 1025w\" sizes=\"auto, (max-width: 1366px) 100vw, 1366px\" \/>\t\t\t\t\t\t\n\t\t\t\t\t<\/div>\n\t\t\t\t\t\t\t\t\n<style>\n#image_1351680120 {\n  width: 100%;\n}\n<\/style>\n\t<\/div>\n\t\n\t\t<\/div>\n\t\t\t\t\t<\/div>\n\n\t\n<\/div>\n\t<div id=\"lunchmenu\"\n\t     class=\"lightbox-by-id lightbox-content mfp-hide lightbox-white \"\n\t     style=\"max-width:660px ;padding:30px\">\n\t\t\n\n\n<style>\r\n.mfp-close {\r\ndisplay:none;\r\n}\r\n<\/style>\n\n<div class=\"row\"  id=\"row-1341351751\">\n\n\n\t<div id=\"col-1639589340\" class=\"col small-12 large-12\"  >\n\t\t\t\t<div class=\"col-inner text-center\"  >\n\t\t\t\n\t\t\t\n\n\t<div id=\"text-2550814416\" class=\"text\">\n\t\t\n\n<h1 class=\"alt-font\">Niittytupas lunchbuffet<br \/>vom naturgeist luonnotar<\/h1>\n\n\t\t\n<style>\n#text-2550814416 {\n  color: #cc9966;\n}\n#text-2550814416 > * {\n  color: #cc9966;\n}\n<\/style>\n\t<\/div>\n\t\n\t<div id=\"gap-460020270\" class=\"gap-element clearfix\" style=\"display:block; height:auto;\">\n\t\t\n<style>\n#gap-460020270 {\n  padding-top: 30px;\n}\n<\/style>\n\t<\/div>\n\t\n\n<p><em><span style=\"font-size: 16px; color: #333333;\">Fl\u00fcstern des Volkes, Rauschen des Windes, Duft des Heus, Magie des Moments...<\/span><\/em><\/p>\n<p><span style=\"color: #333333;\"><strong>BROTKORB &amp; BEL\u00c4GE<\/strong><\/span><br \/>Roggenbrot, Rieska-Fladenbrot und hausgebackenes Bio-Brot<br \/>Sommererbsenpaste<br \/>Gequirlte Gierschbutter<br \/>Kaltgepresstes Raps\u00f6l mit Kr\u00e4utern<\/p>\n<p><span style=\"color: #333333;\"><strong>RAHMIGE LACHSUPPE<\/strong><\/span><br \/>Rahmige Lachs-Suppe<br \/>Dill-Sonnenblumen-Streusel<br \/><span style=\"font-size: 10px;\">(L\/G)<\/span><\/p>\n<p><span style=\"color: #333333;\"><strong>SALATWIESE<\/strong><\/span><br \/>Gr\u00fcner Salat mit Wiesenkr\u00e4utern des Tages<br \/>Zitronen-Vinaigrette des Hauses<\/p>\n<p>Sommerkohl mit Rosenwurz-Sirup<br \/>Gro\u00dfmutters Dillgurken<\/p>\n<p>Drei Karotten = in Minze gegrillte Karotte,<br \/>geriebene Sommerkarotte und in Estragon marinierte Karottenscheiben<br \/>Preiselbeersauce<\/p>\n<p>Tomatensalat mit Roter Zwiebel<\/p>\n<p><span style=\"color: #333333;\"><strong>AM OFFENEN FEUER IN DER RUSSKANNE GEKOCHTER KAFFEE<\/strong><\/span><br \/>In der Ru\u00dfkanne gekochter Kaffee mit W\u00fcrfelzucker im Mundwinkel,<br \/>zum Umr\u00fchren gibt es einen Weidenholzl\u00f6ffel.<br \/>Am offenen Feuer gebratene Cr\u00eapes mit Konfit\u00fcre des Hauses<\/p>\n\t<div id=\"gap-2116211247\" class=\"gap-element clearfix\" style=\"display:block; height:auto;\">\n\t\t\n<style>\n#gap-2116211247 {\n  padding-top: 15px;\n}\n<\/style>\n\t<\/div>\n\t\n\n<a class=\"button primary mfp-close-custom\"  >\n    <span>Schlie\u00dfe das Fenster<\/span>\n  <\/a>\n\n\n\n\t\t<\/div>\n\t\t\t\t\n<style>\n#col-1639589340 > .col-inner {\n  margin: 0px 0px -30px 0px;\n}\n<\/style>\n\t<\/div>\n\n\t\n\n<\/div>\n\t<\/div>\n\t\n\t\n","protected":false},"excerpt":{"rendered":"","protected":false},"author":1,"featured_media":0,"parent":0,"menu_order":0,"comment_status":"closed","ping_status":"closed","template":"page-blank.php","meta":{"footnotes":""},"class_list":["post-1048","page","type-page","status-publish","hentry"],"yoast_head":"<!-- This site is optimized with the Yoast SEO Premium plugin v20.6 (Yoast SEO v25.9) - https:\/\/yoast.com\/wordpress\/plugins\/seo\/ -->\n<title>Werfen Sie einen Blick in das stimmungsvolle &#8211; Restaurant Niittytupa<\/title>\n<meta name=\"description\" content=\"Im Schutz der rustikalen Holzbalken und im Schein des Kaminfeuers lohnt es sich in der Sommersaison f\u00fcr Reisende auf der Fernstra\u00dfe 5, hier eine Kaffee- oder Mittagspause einzulegen.\" \/>\n<meta name=\"robots\" content=\"index, follow, max-snippet:-1, max-image-preview:large, max-video-preview:-1\" \/>\n<link rel=\"canonical\" href=\"https:\/\/niittykahvila.fi\/de\/wiesenhuette-restaurant\/\" \/>\n<meta property=\"og:locale\" content=\"de_DE\" \/>\n<meta property=\"og:type\" content=\"article\" \/>\n<meta property=\"og:title\" content=\"Niittytupa - Wiesenh\u00fctte-restaurant &#8211; Hiljaisen Kansan Niittykahvila\" \/>\n<meta property=\"og:description\" content=\"Im Schutz der rustikalen Holzbalken und im Schein des Kaminfeuers lohnt es sich in der Sommersaison f\u00fcr Reisende auf der Fernstra\u00dfe 5, hier eine Kaffee- oder Mittagspause einzulegen.\" \/>\n<meta property=\"og:url\" content=\"https:\/\/niittykahvila.fi\/de\/wiesenhuette-restaurant\/\" \/>\n<meta property=\"og:site_name\" content=\"Hiljaisen Kansan Niittykahvila\" \/>\n<meta property=\"article:publisher\" content=\"https:\/\/facebook.com\/fbHiljainenKansa\/\" \/>\n<meta property=\"article:modified_time\" content=\"2025-03-25T12:28:15+00:00\" \/>\n<meta name=\"twitter:card\" content=\"summary_large_image\" \/>\n<meta name=\"twitter:label1\" content=\"Gesch\u00e4tzte Lesezeit\" \/>\n\t<meta name=\"twitter:data1\" content=\"3\u00a0Minuten\" \/>\n<script type=\"application\/ld+json\" class=\"yoast-schema-graph\">{\"@context\":\"https:\/\/schema.org\",\"@graph\":[{\"@type\":\"WebPage\",\"@id\":\"https:\/\/niittykahvila.fi\/de\/wiesenhuette-restaurant\/\",\"url\":\"https:\/\/niittykahvila.fi\/de\/wiesenhuette-restaurant\/\",\"name\":\"Werfen Sie einen Blick in das stimmungsvolle &#8211; Restaurant Niittytupa\",\"isPartOf\":{\"@id\":\"https:\/\/niittykahvila.fi\/de\/#website\"},\"datePublished\":\"2023-03-24T09:38:42+00:00\",\"dateModified\":\"2025-03-25T12:28:15+00:00\",\"description\":\"Im Schutz der rustikalen Holzbalken und im Schein des Kaminfeuers lohnt es sich in der Sommersaison f\u00fcr Reisende auf der Fernstra\u00dfe 5, hier eine Kaffee- oder Mittagspause einzulegen.\",\"breadcrumb\":{\"@id\":\"https:\/\/niittykahvila.fi\/de\/wiesenhuette-restaurant\/#breadcrumb\"},\"inLanguage\":\"de\",\"potentialAction\":[{\"@type\":\"ReadAction\",\"target\":[\"https:\/\/niittykahvila.fi\/de\/wiesenhuette-restaurant\/\"]}]},{\"@type\":\"BreadcrumbList\",\"@id\":\"https:\/\/niittykahvila.fi\/de\/wiesenhuette-restaurant\/#breadcrumb\",\"itemListElement\":[{\"@type\":\"ListItem\",\"position\":1,\"name\":\"Hiljaisen Kansan Niittykahvila\",\"item\":\"https:\/\/niittykahvila.fi\/de\/\"},{\"@type\":\"ListItem\",\"position\":2,\"name\":\"Niittytupa &#8211; Wiesenh\u00fctte-restaurant\"}]},{\"@type\":\"WebSite\",\"@id\":\"https:\/\/niittykahvila.fi\/de\/#website\",\"url\":\"https:\/\/niittykahvila.fi\/de\/\",\"name\":\"Hiljaisen Kansan Niittykahvila\",\"description\":\"\",\"publisher\":{\"@id\":\"https:\/\/niittykahvila.fi\/de\/#organization\"},\"alternateName\":\"The Silent People\",\"potentialAction\":[{\"@type\":\"SearchAction\",\"target\":{\"@type\":\"EntryPoint\",\"urlTemplate\":\"https:\/\/niittykahvila.fi\/de\/?s={search_term_string}\"},\"query-input\":{\"@type\":\"PropertyValueSpecification\",\"valueRequired\":true,\"valueName\":\"search_term_string\"}}],\"inLanguage\":\"de\"},{\"@type\":\"Organization\",\"@id\":\"https:\/\/niittykahvila.fi\/de\/#organization\",\"name\":\"Hiljaisen Kansan Niittykahvila\",\"alternateName\":\"The Silent People\",\"url\":\"https:\/\/niittykahvila.fi\/de\/\",\"logo\":{\"@type\":\"ImageObject\",\"inLanguage\":\"de\",\"@id\":\"https:\/\/niittykahvila.fi\/de\/#\/schema\/logo\/image\/\",\"url\":\"http:\/\/niittykahvila.fi\/wp-content\/uploads\/Niittykahvila.png\",\"contentUrl\":\"http:\/\/niittykahvila.fi\/wp-content\/uploads\/Niittykahvila.png\",\"width\":280,\"height\":112,\"caption\":\"Hiljaisen Kansan Niittykahvila\"},\"image\":{\"@id\":\"https:\/\/niittykahvila.fi\/de\/#\/schema\/logo\/image\/\"},\"sameAs\":[\"https:\/\/facebook.com\/fbHiljainenKansa\/\",\"https:\/\/instagram.com\/the_silent_people\/\"]}]}<\/script>\n<!-- \/ Yoast SEO Premium plugin. -->","yoast_head_json":{"title":"Werfen Sie einen Blick in das stimmungsvolle &#8211; Restaurant Niittytupa","description":"Im Schutz der rustikalen Holzbalken und im Schein des Kaminfeuers lohnt es sich in der Sommersaison f\u00fcr Reisende auf der Fernstra\u00dfe 5, hier eine Kaffee- oder Mittagspause einzulegen.","robots":{"index":"index","follow":"follow","max-snippet":"max-snippet:-1","max-image-preview":"max-image-preview:large","max-video-preview":"max-video-preview:-1"},"canonical":"https:\/\/niittykahvila.fi\/de\/wiesenhuette-restaurant\/","og_locale":"de_DE","og_type":"article","og_title":"Niittytupa - Wiesenh\u00fctte-restaurant &#8211; Hiljaisen Kansan Niittykahvila","og_description":"Im Schutz der rustikalen Holzbalken und im Schein des Kaminfeuers lohnt es sich in der Sommersaison f\u00fcr Reisende auf der Fernstra\u00dfe 5, hier eine Kaffee- oder Mittagspause einzulegen.","og_url":"https:\/\/niittykahvila.fi\/de\/wiesenhuette-restaurant\/","og_site_name":"Hiljaisen Kansan Niittykahvila","article_publisher":"https:\/\/facebook.com\/fbHiljainenKansa\/","article_modified_time":"2025-03-25T12:28:15+00:00","twitter_card":"summary_large_image","twitter_misc":{"Gesch\u00e4tzte Lesezeit":"3\u00a0Minuten"},"schema":{"@context":"https:\/\/schema.org","@graph":[{"@type":"WebPage","@id":"https:\/\/niittykahvila.fi\/de\/wiesenhuette-restaurant\/","url":"https:\/\/niittykahvila.fi\/de\/wiesenhuette-restaurant\/","name":"Werfen Sie einen Blick in das stimmungsvolle &#8211; Restaurant Niittytupa","isPartOf":{"@id":"https:\/\/niittykahvila.fi\/de\/#website"},"datePublished":"2023-03-24T09:38:42+00:00","dateModified":"2025-03-25T12:28:15+00:00","description":"Im Schutz der rustikalen Holzbalken und im Schein des Kaminfeuers lohnt es sich in der Sommersaison f\u00fcr Reisende auf der Fernstra\u00dfe 5, hier eine Kaffee- oder Mittagspause einzulegen.","breadcrumb":{"@id":"https:\/\/niittykahvila.fi\/de\/wiesenhuette-restaurant\/#breadcrumb"},"inLanguage":"de","potentialAction":[{"@type":"ReadAction","target":["https:\/\/niittykahvila.fi\/de\/wiesenhuette-restaurant\/"]}]},{"@type":"BreadcrumbList","@id":"https:\/\/niittykahvila.fi\/de\/wiesenhuette-restaurant\/#breadcrumb","itemListElement":[{"@type":"ListItem","position":1,"name":"Hiljaisen Kansan Niittykahvila","item":"https:\/\/niittykahvila.fi\/de\/"},{"@type":"ListItem","position":2,"name":"Niittytupa &#8211; Wiesenh\u00fctte-restaurant"}]},{"@type":"WebSite","@id":"https:\/\/niittykahvila.fi\/de\/#website","url":"https:\/\/niittykahvila.fi\/de\/","name":"Hiljaisen Kansan Niittykahvila","description":"","publisher":{"@id":"https:\/\/niittykahvila.fi\/de\/#organization"},"alternateName":"The Silent People","potentialAction":[{"@type":"SearchAction","target":{"@type":"EntryPoint","urlTemplate":"https:\/\/niittykahvila.fi\/de\/?s={search_term_string}"},"query-input":{"@type":"PropertyValueSpecification","valueRequired":true,"valueName":"search_term_string"}}],"inLanguage":"de"},{"@type":"Organization","@id":"https:\/\/niittykahvila.fi\/de\/#organization","name":"Hiljaisen Kansan Niittykahvila","alternateName":"The Silent People","url":"https:\/\/niittykahvila.fi\/de\/","logo":{"@type":"ImageObject","inLanguage":"de","@id":"https:\/\/niittykahvila.fi\/de\/#\/schema\/logo\/image\/","url":"http:\/\/niittykahvila.fi\/wp-content\/uploads\/Niittykahvila.png","contentUrl":"http:\/\/niittykahvila.fi\/wp-content\/uploads\/Niittykahvila.png","width":280,"height":112,"caption":"Hiljaisen Kansan Niittykahvila"},"image":{"@id":"https:\/\/niittykahvila.fi\/de\/#\/schema\/logo\/image\/"},"sameAs":["https:\/\/facebook.com\/fbHiljainenKansa\/","https:\/\/instagram.com\/the_silent_people\/"]}]}},"_links":{"self":[{"href":"https:\/\/niittykahvila.fi\/de\/wp-json\/wp\/v2\/pages\/1048","targetHints":{"allow":["GET"]}}],"collection":[{"href":"https:\/\/niittykahvila.fi\/de\/wp-json\/wp\/v2\/pages"}],"about":[{"href":"https:\/\/niittykahvila.fi\/de\/wp-json\/wp\/v2\/types\/page"}],"author":[{"embeddable":true,"href":"https:\/\/niittykahvila.fi\/de\/wp-json\/wp\/v2\/users\/1"}],"replies":[{"embeddable":true,"href":"https:\/\/niittykahvila.fi\/de\/wp-json\/wp\/v2\/comments?post=1048"}],"version-history":[{"count":6,"href":"https:\/\/niittykahvila.fi\/de\/wp-json\/wp\/v2\/pages\/1048\/revisions"}],"predecessor-version":[{"id":1611,"href":"https:\/\/niittykahvila.fi\/de\/wp-json\/wp\/v2\/pages\/1048\/revisions\/1611"}],"wp:attachment":[{"href":"https:\/\/niittykahvila.fi\/de\/wp-json\/wp\/v2\/media?parent=1048"}],"curies":[{"name":"wp","href":"https:\/\/api.w.org\/{rel}","templated":true}]}}