{"id":1046,"date":"2023-03-28T13:28:46","date_gmt":"2023-03-28T10:28:46","guid":{"rendered":"http:\/\/niittykahvila.web130.webhotelli.fi\/?page_id=1046"},"modified":"2025-01-08T15:17:39","modified_gmt":"2025-01-08T13:17:39","slug":"kontaktinformationen","status":"publish","type":"page","link":"https:\/\/niittykahvila.fi\/de\/kontaktinformationen\/","title":{"rendered":"Kontaktinformationen"},"content":{"rendered":"\n<div id=\"gap-198691719\" class=\"gap-element clearfix\" style=\"display:block; height:auto;\">\n<style>\n#gap-198691719 {\n  padding-top: 30px;\n}\n<\/style>\n<\/p><\/div>\n<div class=\"row row-large align-center\"  id=\"row-1686646434\">\n<div id=\"col-1537981474\" class=\"col medium-12 small-12 large-12\"  >\n<div class=\"col-inner text-center\"  >\n<div id=\"text-4293316214\" class=\"text\">\n<h3 class=\"alt-font\">Wir sind das ganze Jahr \u00fcber f\u00fcr unsere Kunden da<\/h3>\n<style>\n#text-4293316214 {\n  color: rgb(204, 153, 102);\n}\n#text-4293316214 > * {\n  color: rgb(204, 153, 102);\n}\n<\/style>\n<\/p><\/div>\n<h1>Herzlich Willkommen<\/h1>\n<\/p><\/div>\n<\/p><\/div>\n<div id=\"col-1724494181\" class=\"col medium-6 small-12 large-6\"  >\n<div class=\"col-inner\"  >\n<div id=\"text-4018180515\" class=\"text\">\n<p>Das Wiesencaf\u00e9 des Stillen Volkes bietet f\u00fcr Reisende auf der Fernstra\u00dfe 5 einen unvergesslichen Rastplatz. Unser Caf\u00e9 hat im Sommer 90 Pl\u00e4tze im Freien und das ganze Jahr \u00fcber 80 Pl\u00e4tze im Blockhaus-Restaurant Niittytupa.<\/p>\n<style>\n#text-4018180515 {\n  text-align: center;\n}\n<\/style>\n<\/p><\/div>\n<\/p><\/div>\n<style>\n#col-1724494181 > .col-inner {\n  margin: -30px 0px 0px 0px;\n}\n<\/style>\n<\/p><\/div>\n<\/div>\n<div class=\"row align-center\"  id=\"row-75268580\">\n<div id=\"col-1994728616\" class=\"col medium-3 small-12 large-3\"  >\n<div class=\"col-inner\"  >\n<div class=\"icon-box featured-box icon-box-center text-center\"  >\n<div class=\"icon-box-img\" style=\"width: 72px\">\n<div class=\"icon\">\n<div class=\"icon-inner\" >\n\t\t\t\t\t\t<img loading=\"lazy\" decoding=\"async\" width=\"72\" height=\"72\" src=\"https:\/\/niittykahvila.fi\/wp-content\/uploads\/Icon_1-1.png\" class=\"attachment-medium size-medium\" alt=\"\" \/>\t\t\t\t\t<\/div>\n<\/p><\/div>\n<\/p><\/div>\n<div class=\"icon-box-text last-reset\">\n<p><span style=\"color: #222222;\"><strong><span style=\"font-size: 16px;\">Adresse<\/span><\/strong><\/span><\/p>\n<p>Viitostie 547, 89600 Suomussalmi<br \/>\nHiljaisen Kansan Niittykahvila<\/p>\n<\/p><\/div>\n<\/p><\/div>\n<\/p><\/div>\n<\/p><\/div>\n<div id=\"col-1442311788\" class=\"col medium-3 small-12 large-3\"  >\n<div class=\"col-inner\"  >\n<div class=\"icon-box featured-box icon-box-center text-center\"  >\n<div class=\"icon-box-img\" style=\"width: 72px\">\n<div class=\"icon\">\n<div class=\"icon-inner\" >\n\t\t\t\t\t\t<img loading=\"lazy\" decoding=\"async\" width=\"72\" height=\"72\" src=\"https:\/\/niittykahvila.fi\/wp-content\/uploads\/Icon_2.png\" class=\"attachment-medium size-medium\" alt=\"\" \/>\t\t\t\t\t<\/div>\n<\/p><\/div>\n<\/p><\/div>\n<div class=\"icon-box-text last-reset\">\n<p><span style=\"color: #222222;\"><strong><span style=\"font-size: 16px;\">Kontakt<\/span><\/strong><\/span><\/p>\n<p>Tel. <a href=\"tel:+35850 362 0609\">+35850 362 0609<\/a><br \/>\n<a href=\"mailto:ritva.huttunen@kuutamokeikat.fi\">ritva.huttunen@kuutamokeikat.fi<\/a><\/p>\n<\/p><\/div>\n<\/p><\/div>\n<\/p><\/div>\n<\/p><\/div>\n<\/div>\n<div id=\"gap-1702076630\" class=\"gap-element clearfix\" style=\"display:block; height:auto;\">\n<style>\n#gap-1702076630 {\n  padding-top: 30px;\n}\n<\/style>\n<\/p><\/div>\n<div class=\"row row-large align-center\"  id=\"row-1914787677\">\n<div id=\"col-662853942\" class=\"col medium-12 small-12 large-12\"  >\n<div class=\"col-inner text-center\"  >\n<div id=\"text-2528912893\" class=\"text\">\n<h3 class=\"alt-font\">Unsere \u00d6ffnungszeiten 2025<\/h3>\n<style>\n#text-2528912893 {\n  color: rgb(204, 153, 102);\n}\n#text-2528912893 > * {\n  color: rgb(204, 153, 102);\n}\n<\/style>\n<\/p><\/div>\n<div id=\"gap-1089424129\" class=\"gap-element clearfix\" style=\"display:block; height:auto;\">\n<style>\n#gap-1089424129 {\n  padding-top: 15px;\n}\n<\/style>\n<\/p><\/div>\n<div id=\"text-3683625138\" class=\"text\">\n<p><strong><span style=\"font-size: 18px;\">4.6. &#8211; 21.9. 10 &#8211; 17 Uhr<\/span><\/strong><\/p>\n<style>\n#text-3683625138 {\n  color: rgb(34, 34, 34);\n}\n#text-3683625138 > * {\n  color: rgb(34, 34, 34);\n}\n<\/style>\n<\/p><\/div>\n<\/p><\/div>\n<\/p><\/div>\n<\/div>\n<div id=\"gap-1032609797\" class=\"gap-element clearfix\" style=\"display:block; height:auto;\">\n<style>\n#gap-1032609797 {\n  padding-top: 30px;\n}\n<\/style>\n<\/p><\/div>\n<div class=\"row align-center\"  id=\"row-306754955\">\n<div id=\"col-1113380206\" class=\"col medium-6 small-12 large-6\"  >\n<div class=\"col-inner\"  >\n<div id=\"text-1723608844\" class=\"text\">\n<h2>Fordern Sie ein Angebot f\u00fcr Ihre Gruppe an<\/h2>\n<p>Fordern Sie ein Angebot f\u00fcr Ihre Gruppe an. Nennen Sie uns die besonderen W\u00fcnsche Ihrer Gruppe, einschlie\u00dflich etwaiger besonderer Di\u00e4tanforderungen..<\/p>\n<div class=\"forminator-ui forminator-custom-form forminator-custom-form-1182 forminator-design--default  forminator_ajax\" data-forminator-render=\"0\" data-form=\"forminator-module-1182\" data-uid=\"69e52e280ec9c\"><\/div>\n<form\n\t\t\t\tid=\"forminator-module-1182\"\n\t\t\t\tclass=\"forminator-ui forminator-custom-form forminator-custom-form-1182 forminator-design--default  forminator_ajax\"\n\t\t\t\tmethod=\"post\"\n\t\t\t\tdata-forminator-render=\"0\"\n\t\t\t\tdata-form-id=\"1182\"\n\t\t\t\t data-color-option=\"default\" data-design=\"default\" data-grid=\"open\" style=\"display: none;\"\n\t\t\t\tdata-uid=\"69e52e280ec9c\"\n\t\t\t><\/p>\n<div role=\"alert\" aria-live=\"polite\" class=\"forminator-response-message forminator-error\" aria-hidden=\"true\"><\/div>\n<div class=\"forminator-row\">\n<div id=\"text-1\" class=\"forminator-field-text forminator-col forminator-col-6 \">\n<div class=\"forminator-field\"><label for=\"forminator-field-text-1_69e52e280ec9c\" id=\"forminator-field-text-1_69e52e280ec9c-label\" class=\"forminator-label\">Name <span class=\"forminator-required\">*<\/span><\/label><input type=\"text\" name=\"text-1\" value=\"\" placeholder=\"Name\" id=\"forminator-field-text-1_69e52e280ec9c\" class=\"forminator-input forminator-name--field\" data-required=\"1\" \/><\/div>\n<\/div>\n<div id=\"select-1\" class=\"forminator-field-select forminator-col forminator-col-6 \">\n<div class=\"forminator-field\"><label for=\"forminator-form-1182__field--select-1_69e52e280ec9c\" id=\"forminator-form-1182__field--select-1_69e52e280ec9c-label\" class=\"forminator-label\">Bitte ein Angebot zusenden <span class=\"forminator-required\">*<\/span><\/label><select  id=\"forminator-form-1182__field--select-1_69e52e280ec9c\" class=\"forminator-select--field forminator-select2 forminator-select2-multiple\" data-required=\"1\" name=\"select-1\" data-default-value=\"\" data-hidden-behavior=\"zero\" data-placeholder=\"Bitte ein Angebot zusenden\" data-search=\"false\" data-search-placeholder=\"Bitte ein Angebot zusenden\" data-checkbox=\"false\" data-allow-clear=\"false\" aria-labelledby=\"forminator-form-1182__field--select-1_69e52e280ec9c-label\"><option value=\"\"  >Bitte ein Angebot zusenden<\/option><option value=\"Kaffee-und-Pfannkuchen\"  data-calculation=\"0\">Kaffee und Pfannkuchen<\/option><option value=\"Mittagessen\"  data-calculation=\"0\">Mittagessen<\/option><option value=\"Veranstaltungsprogramm\"  data-calculation=\"0\">Veranstaltungsprogramm<\/option><option value=\"Tagungsangebote\"  data-calculation=\"0\">Tagungsangebote<\/option><option value=\"Weihnachtsfeiern\"  data-calculation=\"0\">Weihnachtsfeiern<\/option><option value=\"\u00dcbernachtung im Heu\"  data-calculation=\"0\">\u00dcbernachtung im Heu<\/option><option value=\"Etwas v\u00f6llig anderes\"  data-calculation=\"0\">Etwas v\u00f6llig anderes<\/option><\/select><\/div>\n<\/div>\n<\/div>\n<div class=\"forminator-row\">\n<div id=\"text-2\" class=\"forminator-field-text forminator-col forminator-col-6 \">\n<div class=\"forminator-field\"><label for=\"forminator-field-text-2_69e52e280ec9c\" id=\"forminator-field-text-2_69e52e280ec9c-label\" class=\"forminator-label\">Email <span class=\"forminator-required\">*<\/span><\/label><input type=\"text\" name=\"text-2\" value=\"\" placeholder=\"Email\" id=\"forminator-field-text-2_69e52e280ec9c\" class=\"forminator-input forminator-name--field\" data-required=\"1\" \/><\/div>\n<\/div>\n<div id=\"text-3\" class=\"forminator-field-text forminator-col forminator-col-6 \">\n<div class=\"forminator-field\"><label for=\"forminator-field-text-3_69e52e280ec9c\" id=\"forminator-field-text-3_69e52e280ec9c-label\" class=\"forminator-label\">Telefon <span class=\"forminator-required\">*<\/span><\/label><input type=\"text\" name=\"text-3\" value=\"\" placeholder=\"Telefon\" id=\"forminator-field-text-3_69e52e280ec9c\" class=\"forminator-input forminator-name--field\" data-required=\"1\" \/><\/div>\n<\/div>\n<\/div>\n<div class=\"forminator-row\">\n<div id=\"text-4\" class=\"forminator-field-text forminator-col forminator-col-6 \">\n<div class=\"forminator-field\"><label for=\"forminator-field-text-4_69e52e280ec9c\" id=\"forminator-field-text-4_69e52e280ec9c-label\" class=\"forminator-label\">Besuchszeit<\/label><input type=\"text\" name=\"text-4\" value=\"\" placeholder=\"Besuchszeit\" id=\"forminator-field-text-4_69e52e280ec9c\" class=\"forminator-input forminator-name--field\" data-required=\"\" \/><\/div>\n<\/div>\n<div id=\"text-5\" class=\"forminator-field-text forminator-col forminator-col-6 \">\n<div class=\"forminator-field\"><label for=\"forminator-field-text-5_69e52e280ec9c\" id=\"forminator-field-text-5_69e52e280ec9c-label\" class=\"forminator-label\">Gruppengr\u00f6\u00dfe<\/label><input type=\"text\" name=\"text-5\" value=\"\" placeholder=\"Gruppengr\u00f6\u00dfe\" id=\"forminator-field-text-5_69e52e280ec9c\" class=\"forminator-input forminator-name--field\" data-required=\"\" \/><\/div>\n<\/div>\n<\/div>\n<div class=\"forminator-row\">\n<div id=\"textarea-1\" class=\"forminator-field-textarea forminator-col forminator-col-12 \">\n<div class=\"forminator-field\"><label for=\"forminator-field-textarea-1_69e52e280ec9c\" id=\"forminator-field-textarea-1_69e52e280ec9c-label\" class=\"forminator-label\">Sonderw\u00fcnsche und spezielle Di\u00e4ten<\/label><textarea name=\"textarea-1\" placeholder=\"Sonderw\u00fcnsche und spezielle Di\u00e4ten\" id=\"forminator-field-textarea-1_69e52e280ec9c\" class=\"forminator-textarea\" rows=\"6\" style=\"--forminator-textarea-min-height:140px;\" ><\/textarea><\/div>\n<\/div>\n<\/div>\n<div class=\"forminator-row\">\n<div id=\"captcha-1\" class=\"forminator-field-captcha forminator-col forminator-col-6 \">\n<div class=\"forminator-captcha-left forminator-g-recaptcha\" data-theme=\"light\"  data-sitekey=\"6Lc32uMlAAAAALKJbPWvQPp6sAkrA9gV0bZEnUoq\" data-size=\"normal\"><\/div>\n<\/p><\/div>\n<div id=\"checkbox-1\" class=\"forminator-field-checkbox forminator-col forminator-col-6 \">\n<div role=\"group\" class=\"forminator-field\" aria-labelledby=\"forminator-checkbox-group-forminator-field-checkbox-1-69e52e280ec9c-label\"><span id=\"forminator-checkbox-group-forminator-field-checkbox-1-69e52e280ec9c-label\" class=\"forminator-label\">Sie k\u00f6nnen mir gerne Informationen \u00fcber kommende Veranstaltungen zusende.<\/span><label id=\"forminator-field-checkbox-1-1-69e52e280ec9c-label\" for=\"forminator-field-checkbox-1-1-69e52e280ec9c\" class=\"forminator-checkbox\" title=\"Sie k\u00f6nnen mir gerne Informationen \u00fcber kommende Veranstaltungen zusende.\"><input type=\"checkbox\" name=\"checkbox-1[]\" value=\"Sie-k\u00f6nnen-mir-gerne-Informationen-\u00fcber-kommende-Veranstaltungen-zusende.\" id=\"forminator-field-checkbox-1-1-69e52e280ec9c\" aria-labelledby=\"forminator-field-checkbox-1-1-69e52e280ec9c-label\" data-calculation=\"0\"   data-hidden-behavior=\"zero\"\/><span class=\"forminator-checkbox-box\" aria-hidden=\"true\"><\/span><span class=\"forminator-checkbox-label\">Sie k\u00f6nnen mir gerne Informationen \u00fcber kommende Veranstaltungen zusende.<\/span><\/label><\/div>\n<\/div>\n<\/div>\n<p><input type=\"hidden\" name=\"referer_url\" value=\"\" \/><\/p>\n<div class=\"forminator-row forminator-row-last\">\n<div class=\"forminator-col\">\n<div class=\"forminator-field\"><button class=\"forminator-button forminator-button-submit\">Absenden<\/button><\/div>\n<\/div>\n<\/div>\n<p><input type=\"hidden\" id=\"forminator_nonce\" name=\"forminator_nonce\" value=\"68ef555b61\" \/><input type=\"hidden\" name=\"_wp_http_referer\" value=\"\/de\/wp-json\/wp\/v2\/pages\/1046\" \/><input type=\"hidden\" name=\"form_id\" value=\"1182\"><input type=\"hidden\" name=\"page_id\" value=\"1046\"><input type=\"hidden\" name=\"form_type\" value=\"default\"><input type=\"hidden\" name=\"current_url\" value=\"https:\/\/niittykahvila.fi\/de\/kontaktinformationen\/\"><input type=\"hidden\" name=\"render_id\" value=\"0\"><input type=\"hidden\" name=\"action\" value=\"forminator_submit_form_custom-forms\"><label for=\"input_9\" class=\"forminator-hidden\" aria-hidden=\"true\">Bitte f\u00fclle dieses Feld nicht aus. <input id=\"input_9\" type=\"text\" name=\"input_9\" value=\"\" autocomplete=\"off\"><\/label><\/form>\n<\/p>\n<style>\n#text-1723608844 {\n  text-align: center;\n}\n<\/style>\n<\/p><\/div>\n<\/p><\/div>\n<\/p><\/div>\n<\/div>\n<div id=\"gap-1282482998\" class=\"gap-element clearfix\" style=\"display:block; height:auto;\">\n<style>\n#gap-1282482998 {\n  padding-top: 30px;\n}\n<\/style>\n<\/p><\/div>\n<div class=\"row row-large align-center\"  id=\"row-1464210227\">\n<div id=\"col-264339192\" class=\"col medium-12 small-12 large-12\"  >\n<div class=\"col-inner text-center\"  >\n<div id=\"text-2267104929\" class=\"text\">\n<h3 class=\"alt-font\">Hier finden Sie uns:<\/h3>\n<style>\n#text-2267104929 {\n  color: rgb(204, 153, 102);\n}\n#text-2267104929 > * {\n  color: rgb(204, 153, 102);\n}\n<\/style>\n<\/p><\/div>\n<div id=\"gap-300950157\" class=\"gap-element clearfix\" style=\"display:block; height:auto;\">\n<style>\n#gap-300950157 {\n  padding-top: 15px;\n}\n<\/style>\n<\/p><\/div>\n<div id=\"text-55340189\" class=\"text\">\n<p><span style=\"font-size: 18px;\"><b>Viitostie 547, 89600 Suomussalmi<\/b><\/span><\/p>\n<style>\n#text-55340189 {\n  color: rgb(34, 34, 34);\n}\n#text-55340189 > * {\n  color: rgb(34, 34, 34);\n}\n<\/style>\n<\/p><\/div>\n<p><iframe loading=\"lazy\" src=\"https:\/\/snazzymaps.com\/embed\/486951\" width=\"100%\" height=\"600px\" style=\"border:none;\"><\/iframe><\/p><\/div>\n<\/p><\/div>\n<\/div>\n<div id=\"gap-1688482102\" class=\"gap-element clearfix\" style=\"display:block; height:auto;\">\n<style>\n#gap-1688482102 {\n  padding-top: 30px;\n}\n<\/style>\n<\/p><\/div>\n<div class=\"row row-large align-center\"  id=\"row-419400343\">\n<div id=\"col-148175739\" class=\"col medium-12 small-12 large-6\"  >\n<div class=\"col-inner text-center\"  >\n<div id=\"text-2119614487\" class=\"text\">\n<h3 class=\"alt-font\">Erreichbarkeite<\/h3>\n<style>\n#text-2119614487 {\n  color: rgb(204, 153, 102);\n}\n#text-2119614487 > * {\n  color: rgb(204, 153, 102);\n}\n<\/style>\n<\/p><\/div>\n<h1>mit \u00f6ffentlichen Verkehrsmitteln?<\/h1>\n<p>Am schnellsten erreichen Sie Suomussalmi mit dem Flugzeug, aber die Region ist auch mit Zug und Fernbus gut angebunden. Die n\u00e4chsten Flugh\u00e4fen befinden sich in Kajaani (140 km) und Kuusamo (110 km). Die n\u00e4chsten Bahnh\u00f6fe sind in Kajaani und Kontiom\u00e4ki (85 km nach Suomussalmi). Bei VR, der finnischen Bahn, gibt es t\u00e4glich mehrere Z\u00fcge. Die k\u00fcrzeste Reisezeit von Helsinki nach Kajaani betr\u00e4gt etwa sechs Stunden. Ferner bieten mehrere Reiseunternehmen gegen eine Sondergeb\u00fchr auch die Abholung der G\u00e4ste von den Bahnh\u00f6fen an.<\/p>\n<p><a href=\"https:\/\/koontikartta.navici.com\/vuoro\/?admin_id=E13&amp;agency_id=7180&amp;contract_id=1184655&amp;route_id=308477&amp;trip_id=1148518&amp;trip_ver_id=1148675\" target=\"_blank\" rel=\"noopener\">Linienbusverbindung zwischen Kajaani und Kuusamo im Sommer 2023.<\/a><\/p>\n<p><span style=\"color: #222222;\"><strong>Fahrplaninformationen<\/strong><\/span><\/p>\n<p><a href=\"https:\/\/www.vr.fi\/\" target=\"_blank\" rel=\"noopener\">VR<\/a><br \/>\n<a href=\"https:\/\/www.matkahuolto.fi\/\" target=\"_blank\" rel=\"noopener\">Matkahuolto<\/a><br \/>\n<a href=\"https:\/\/opas.matka.fi\/\" target=\"_blank\" rel=\"noopener\">Matka.fi<\/a><br \/>\n<a href=\"https:\/\/www.perille.fi\/fi\/\" target=\"_blank\" rel=\"noopener\">Perille.fi<\/a><\/p>\n<\/p><\/div>\n<\/p><\/div>\n<div id=\"col-1837537304\" class=\"col medium-12 small-12 large-6\"  >\n<div class=\"col-inner\"  >\n<div class=\"img has-hover x md-x lg-x y md-y lg-y\" id=\"image_1413937335\">\n<div class=\"img-inner dark\" >\n\t\t\t<img loading=\"lazy\" decoding=\"async\" width=\"602\" height=\"472\" src=\"https:\/\/niittykahvila.fi\/wp-content\/uploads\/IMG_38.png\" class=\"attachment-original size-original\" alt=\"\" \/>\n\t\t\t\t\t<\/div>\n<style>\n#image_1413937335 {\n  width: 100%;\n}\n<\/style>\n<\/p><\/div>\n<\/p><\/div>\n<\/p><\/div>\n<\/div>\n","protected":false},"excerpt":{"rendered":"","protected":false},"author":1,"featured_media":0,"parent":0,"menu_order":0,"comment_status":"closed","ping_status":"closed","template":"page-blank.php","meta":{"footnotes":""},"class_list":["post-1046","page","type-page","status-publish","hentry"],"yoast_head":"<!-- This site is optimized with the Yoast SEO Premium plugin v20.6 (Yoast SEO v25.9) - https:\/\/yoast.com\/wordpress\/plugins\/seo\/ -->\n<title>Kontaktinformationen &#8211; Hiljaisen Kansan Niittykahvila<\/title>\n<meta name=\"description\" content=\"Das Wiesencaf\u00e9 des Stillen Volkes bietet f\u00fcr Reisende auf der Fernstra\u00dfe 5 einen unvergesslichen Rastplatz. Wir sind das ganze Jahr \u00fcber f\u00fcr unsere Kunden da. Herzlich Willkommen!\" \/>\n<meta name=\"robots\" content=\"index, follow, max-snippet:-1, max-image-preview:large, max-video-preview:-1\" \/>\n<link rel=\"canonical\" href=\"https:\/\/niittykahvila.fi\/de\/kontaktinformationen\/\" \/>\n<meta property=\"og:locale\" content=\"de_DE\" \/>\n<meta property=\"og:type\" content=\"article\" \/>\n<meta property=\"og:title\" content=\"Kontaktinformationen &#8211; Hiljaisen Kansan Niittykahvila\" \/>\n<meta property=\"og:description\" content=\"Das Wiesencaf\u00e9 des Stillen Volkes bietet f\u00fcr Reisende auf der Fernstra\u00dfe 5 einen unvergesslichen Rastplatz. Wir sind das ganze Jahr \u00fcber f\u00fcr unsere Kunden da. Herzlich Willkommen!\" \/>\n<meta property=\"og:url\" content=\"https:\/\/niittykahvila.fi\/de\/kontaktinformationen\/\" \/>\n<meta property=\"og:site_name\" content=\"Hiljaisen Kansan Niittykahvila\" \/>\n<meta property=\"article:publisher\" content=\"https:\/\/facebook.com\/fbHiljainenKansa\/\" \/>\n<meta property=\"article:modified_time\" content=\"2025-01-08T13:17:39+00:00\" \/>\n<meta name=\"twitter:card\" content=\"summary_large_image\" \/>\n<meta name=\"twitter:label1\" content=\"Gesch\u00e4tzte Lesezeit\" \/>\n\t<meta name=\"twitter:data1\" content=\"3\u00a0Minuten\" \/>\n<script type=\"application\/ld+json\" class=\"yoast-schema-graph\">{\"@context\":\"https:\/\/schema.org\",\"@graph\":[{\"@type\":\"WebPage\",\"@id\":\"https:\/\/niittykahvila.fi\/de\/kontaktinformationen\/\",\"url\":\"https:\/\/niittykahvila.fi\/de\/kontaktinformationen\/\",\"name\":\"Kontaktinformationen &#8211; Hiljaisen Kansan Niittykahvila\",\"isPartOf\":{\"@id\":\"https:\/\/niittykahvila.fi\/de\/#website\"},\"datePublished\":\"2023-03-28T10:28:46+00:00\",\"dateModified\":\"2025-01-08T13:17:39+00:00\",\"description\":\"Das Wiesencaf\u00e9 des Stillen Volkes bietet f\u00fcr Reisende auf der Fernstra\u00dfe 5 einen unvergesslichen Rastplatz. Wir sind das ganze Jahr \u00fcber f\u00fcr unsere Kunden da. Herzlich Willkommen!\",\"breadcrumb\":{\"@id\":\"https:\/\/niittykahvila.fi\/de\/kontaktinformationen\/#breadcrumb\"},\"inLanguage\":\"de\",\"potentialAction\":[{\"@type\":\"ReadAction\",\"target\":[\"https:\/\/niittykahvila.fi\/de\/kontaktinformationen\/\"]}]},{\"@type\":\"BreadcrumbList\",\"@id\":\"https:\/\/niittykahvila.fi\/de\/kontaktinformationen\/#breadcrumb\",\"itemListElement\":[{\"@type\":\"ListItem\",\"position\":1,\"name\":\"Hiljaisen Kansan Niittykahvila\",\"item\":\"https:\/\/niittykahvila.fi\/de\/\"},{\"@type\":\"ListItem\",\"position\":2,\"name\":\"Kontaktinformationen\"}]},{\"@type\":\"WebSite\",\"@id\":\"https:\/\/niittykahvila.fi\/de\/#website\",\"url\":\"https:\/\/niittykahvila.fi\/de\/\",\"name\":\"Hiljaisen Kansan Niittykahvila\",\"description\":\"\",\"publisher\":{\"@id\":\"https:\/\/niittykahvila.fi\/de\/#organization\"},\"alternateName\":\"The Silent People\",\"potentialAction\":[{\"@type\":\"SearchAction\",\"target\":{\"@type\":\"EntryPoint\",\"urlTemplate\":\"https:\/\/niittykahvila.fi\/de\/?s={search_term_string}\"},\"query-input\":{\"@type\":\"PropertyValueSpecification\",\"valueRequired\":true,\"valueName\":\"search_term_string\"}}],\"inLanguage\":\"de\"},{\"@type\":\"Organization\",\"@id\":\"https:\/\/niittykahvila.fi\/de\/#organization\",\"name\":\"Hiljaisen Kansan Niittykahvila\",\"alternateName\":\"The Silent People\",\"url\":\"https:\/\/niittykahvila.fi\/de\/\",\"logo\":{\"@type\":\"ImageObject\",\"inLanguage\":\"de\",\"@id\":\"https:\/\/niittykahvila.fi\/de\/#\/schema\/logo\/image\/\",\"url\":\"http:\/\/niittykahvila.fi\/wp-content\/uploads\/Niittykahvila.png\",\"contentUrl\":\"http:\/\/niittykahvila.fi\/wp-content\/uploads\/Niittykahvila.png\",\"width\":280,\"height\":112,\"caption\":\"Hiljaisen Kansan Niittykahvila\"},\"image\":{\"@id\":\"https:\/\/niittykahvila.fi\/de\/#\/schema\/logo\/image\/\"},\"sameAs\":[\"https:\/\/facebook.com\/fbHiljainenKansa\/\",\"https:\/\/instagram.com\/the_silent_people\/\"]}]}<\/script>\n<!-- \/ Yoast SEO Premium plugin. -->","yoast_head_json":{"title":"Kontaktinformationen &#8211; Hiljaisen Kansan Niittykahvila","description":"Das Wiesencaf\u00e9 des Stillen Volkes bietet f\u00fcr Reisende auf der Fernstra\u00dfe 5 einen unvergesslichen Rastplatz. Wir sind das ganze Jahr \u00fcber f\u00fcr unsere Kunden da. Herzlich Willkommen!","robots":{"index":"index","follow":"follow","max-snippet":"max-snippet:-1","max-image-preview":"max-image-preview:large","max-video-preview":"max-video-preview:-1"},"canonical":"https:\/\/niittykahvila.fi\/de\/kontaktinformationen\/","og_locale":"de_DE","og_type":"article","og_title":"Kontaktinformationen &#8211; Hiljaisen Kansan Niittykahvila","og_description":"Das Wiesencaf\u00e9 des Stillen Volkes bietet f\u00fcr Reisende auf der Fernstra\u00dfe 5 einen unvergesslichen Rastplatz. Wir sind das ganze Jahr \u00fcber f\u00fcr unsere Kunden da. Herzlich Willkommen!","og_url":"https:\/\/niittykahvila.fi\/de\/kontaktinformationen\/","og_site_name":"Hiljaisen Kansan Niittykahvila","article_publisher":"https:\/\/facebook.com\/fbHiljainenKansa\/","article_modified_time":"2025-01-08T13:17:39+00:00","twitter_card":"summary_large_image","twitter_misc":{"Gesch\u00e4tzte Lesezeit":"3\u00a0Minuten"},"schema":{"@context":"https:\/\/schema.org","@graph":[{"@type":"WebPage","@id":"https:\/\/niittykahvila.fi\/de\/kontaktinformationen\/","url":"https:\/\/niittykahvila.fi\/de\/kontaktinformationen\/","name":"Kontaktinformationen &#8211; Hiljaisen Kansan Niittykahvila","isPartOf":{"@id":"https:\/\/niittykahvila.fi\/de\/#website"},"datePublished":"2023-03-28T10:28:46+00:00","dateModified":"2025-01-08T13:17:39+00:00","description":"Das Wiesencaf\u00e9 des Stillen Volkes bietet f\u00fcr Reisende auf der Fernstra\u00dfe 5 einen unvergesslichen Rastplatz. Wir sind das ganze Jahr \u00fcber f\u00fcr unsere Kunden da. Herzlich Willkommen!","breadcrumb":{"@id":"https:\/\/niittykahvila.fi\/de\/kontaktinformationen\/#breadcrumb"},"inLanguage":"de","potentialAction":[{"@type":"ReadAction","target":["https:\/\/niittykahvila.fi\/de\/kontaktinformationen\/"]}]},{"@type":"BreadcrumbList","@id":"https:\/\/niittykahvila.fi\/de\/kontaktinformationen\/#breadcrumb","itemListElement":[{"@type":"ListItem","position":1,"name":"Hiljaisen Kansan Niittykahvila","item":"https:\/\/niittykahvila.fi\/de\/"},{"@type":"ListItem","position":2,"name":"Kontaktinformationen"}]},{"@type":"WebSite","@id":"https:\/\/niittykahvila.fi\/de\/#website","url":"https:\/\/niittykahvila.fi\/de\/","name":"Hiljaisen Kansan Niittykahvila","description":"","publisher":{"@id":"https:\/\/niittykahvila.fi\/de\/#organization"},"alternateName":"The Silent People","potentialAction":[{"@type":"SearchAction","target":{"@type":"EntryPoint","urlTemplate":"https:\/\/niittykahvila.fi\/de\/?s={search_term_string}"},"query-input":{"@type":"PropertyValueSpecification","valueRequired":true,"valueName":"search_term_string"}}],"inLanguage":"de"},{"@type":"Organization","@id":"https:\/\/niittykahvila.fi\/de\/#organization","name":"Hiljaisen Kansan Niittykahvila","alternateName":"The Silent People","url":"https:\/\/niittykahvila.fi\/de\/","logo":{"@type":"ImageObject","inLanguage":"de","@id":"https:\/\/niittykahvila.fi\/de\/#\/schema\/logo\/image\/","url":"http:\/\/niittykahvila.fi\/wp-content\/uploads\/Niittykahvila.png","contentUrl":"http:\/\/niittykahvila.fi\/wp-content\/uploads\/Niittykahvila.png","width":280,"height":112,"caption":"Hiljaisen Kansan Niittykahvila"},"image":{"@id":"https:\/\/niittykahvila.fi\/de\/#\/schema\/logo\/image\/"},"sameAs":["https:\/\/facebook.com\/fbHiljainenKansa\/","https:\/\/instagram.com\/the_silent_people\/"]}]}},"_links":{"self":[{"href":"https:\/\/niittykahvila.fi\/de\/wp-json\/wp\/v2\/pages\/1046","targetHints":{"allow":["GET"]}}],"collection":[{"href":"https:\/\/niittykahvila.fi\/de\/wp-json\/wp\/v2\/pages"}],"about":[{"href":"https:\/\/niittykahvila.fi\/de\/wp-json\/wp\/v2\/types\/page"}],"author":[{"embeddable":true,"href":"https:\/\/niittykahvila.fi\/de\/wp-json\/wp\/v2\/users\/1"}],"replies":[{"embeddable":true,"href":"https:\/\/niittykahvila.fi\/de\/wp-json\/wp\/v2\/comments?post=1046"}],"version-history":[{"count":1,"href":"https:\/\/niittykahvila.fi\/de\/wp-json\/wp\/v2\/pages\/1046\/revisions"}],"predecessor-version":[{"id":1563,"href":"https:\/\/niittykahvila.fi\/de\/wp-json\/wp\/v2\/pages\/1046\/revisions\/1563"}],"wp:attachment":[{"href":"https:\/\/niittykahvila.fi\/de\/wp-json\/wp\/v2\/media?parent=1046"}],"curies":[{"name":"wp","href":"https:\/\/api.w.org\/{rel}","templated":true}]}}