{"id":1044,"date":"2023-03-24T12:38:45","date_gmt":"2023-03-24T10:38:45","guid":{"rendered":"http:\/\/niittykahvila.web130.webhotelli.fi\/?page_id=1044"},"modified":"2025-01-09T10:54:48","modified_gmt":"2025-01-09T08:54:48","slug":"fuer-gruppen","status":"publish","type":"page","link":"https:\/\/niittykahvila.fi\/de\/fuer-gruppen\/","title":{"rendered":"F\u00fcr Gruppen"},"content":{"rendered":"\t<div id=\"gap-1751769612\" class=\"gap-element clearfix\" style=\"display:block; height:auto;\">\n\t\t\n<style>\n#gap-1751769612 {\n  padding-top: 30px;\n}\n<\/style>\n\t<\/div>\n\t\n<div class=\"row row-large align-center\"  id=\"row-557121401\">\n\n\t<div id=\"col-206210706\" class=\"col medium-12 small-12 large-6\"  >\n\t\t\t\t<div class=\"col-inner text-center\"  >\n\t\t\t\n\t\t\t\n\t<div id=\"text-3111203642\" class=\"text\">\n\t\t\n<h3 class=\"alt-font\">Ein unvergesslicher<\/h3>\n\t\t\n<style>\n#text-3111203642 {\n  color: rgb(204, 153, 102);\n}\n#text-3111203642 > * {\n  color: rgb(204, 153, 102);\n}\n<\/style>\n\t<\/div>\n\t\n<h1>Rastplatz<\/h1>\n<p>Das Wiesencaf\u00e9 Niittykahvila und Restaurant Niittytupa bieten Gruppen eine unvergessliche Erholungspause. Sie erfahren von uns die Geschichte des Stillen Volkes und des ganzen Ortes und erleben vielleicht eine \u00dcberraschung.<\/p>\n<h1><span style=\"font-size: 23px;\">Lunchbuffet vom Naturgeist Luonnotar<\/span><\/h1>\n<p>Am Lunchbuffet vom Naturgeist Luonnottar k\u00f6nnen Sie eine Symphonie von Aromen aus den Sch\u00e4tzen der Natur genie\u00dfen. Die Zutaten f\u00fcr den frischen Salattisch stammen von der Wiese rund um das Bauernhaus und von lokalen Erzeugern. Leckere Suppen werden mit lokalen Zutaten gekocht, liebevoll zubereitet und in der gem\u00fctlichen H\u00fctte genossen, w\u00e4hrend man das Stille Volk bewundert. Essen f\u00fcr Gruppen das ganze Jahr \u00fcber.<\/p>\n<p>Fragen Sie uns nach einem Angebot f\u00fcr eine Kaffee- oder Essenspause und wir planen f\u00fcr Ihre Gruppe genau die passende Pausenverpflegung! Wir w\u00fcnschen Ihnen eine gute Reise!<\/p>\n<p>\u00a0<\/p>\n<a href=\"http:\/\/niittykahvila.fi\/de\/kontaktinformationen\/\" target=\"_self\" class=\"button primary\"  >\n    <span>ANGEBOT ANFORDERN<\/span>\n  <\/a>\n\n\t\t<\/div>\n\t\t\t\t\t<\/div>\n\n\t\n\n\t<div id=\"col-1538653419\" class=\"col medium-12 small-12 large-6\"  >\n\t\t\t\t<div class=\"col-inner\"  >\n\t\t\t\n\t\t\t\n\t<div class=\"img has-hover x md-x lg-x y md-y lg-y\" id=\"image_263506172\">\n\t\t\t\t\t\t\t\t<div class=\"img-inner dark\" >\n\t\t\t<img loading=\"lazy\" decoding=\"async\" width=\"602\" height=\"472\" src=\"https:\/\/niittykahvila.fi\/wp-content\/uploads\/IMG_18.png\" class=\"attachment-original size-original\" alt=\"\" \/>\t\t\t\t\t\t\n\t\t\t\t\t<\/div>\n\t\t\t\t\t\t\t\t\n<style>\n#image_263506172 {\n  width: 100%;\n}\n<\/style>\n\t<\/div>\n\t\n\t\t<\/div>\n\t\t\t\t\t<\/div>\n\n\t\n<\/div>\n<div class=\"row\"  id=\"row-1760489356\">\n\n\t<div id=\"col-1042001521\" class=\"col medium-6 small-12 large-6\"  >\n\t\t\t\t<div class=\"col-inner\"  >\n\t\t\t\n\t\t\t\n\t<div id=\"text-1698646851\" class=\"text\">\n\t\t\n<h3 class=\"alt-font\">Zart schmelzende Kl\u00e4nge<\/h3>\n\t\t\n<style>\n#text-1698646851 {\n  text-align: center;\n  color: #cc9966;\n}\n#text-1698646851 > * {\n  color: #cc9966;\n}\n<\/style>\n\t<\/div>\n\t\n<div class=\"flex max-w-full flex-col flex-grow\">\n<div class=\"min-h-8 text-message flex w-full flex-col items-end gap-2 whitespace-normal break-words text-start &#091;.text-message+&amp;&#093;:mt-5\" dir=\"auto\" data-message-author-role=\"assistant\" data-message-id=\"4326391e-fb3c-4e1e-8e3d-a1925dc7b36a\" data-message-model-slug=\"gpt-4o\">\n<div class=\"flex w-full flex-col gap-1 empty:hidden first:pt-&#091;3px&#093;\">\n<div class=\"markdown prose w-full break-words dark:prose-invert light\">\n<h1 style=\"text-align: center;\"><span style=\"font-family: georgia, palatino;\"><strong>Lied-Essenskonzert, Gruppenangebot<\/strong><\/span><\/h1>\n<p>Buchen Sie f\u00fcr Ihre Gruppe eine einzigartige Kombination aus Musik und Kulinarik in einem Konzert, bei dem Gerichte serviert werden, die von ber\u00fchmten Komponisten inspiriert sind, und Geschichten \u00fcber ihre Beziehung zum Essen erz\u00e4hlt werden. Die Veranstaltung verbindet Musik und Gastronomie zu einem unvergesslichen Erlebnis. Viele Komponisten waren Feinschmecker, Meisterk\u00f6che und talentierte Genie\u00dfer. Geschmack und Klang sind \u00e4hnliche, ganzheitliche Sinneserlebnisse, die K\u00f6rper, Emotionen und Intellekt gleichzeitig anregen.<\/p>\n<p>Die Sopranistin Ritva Huttunen hat mit Beharrlichkeit ihren Traum verfolgt und das Diplom im klassischen Gesang in reifem Alter erworben. Sie hat im Chor der Opern <em>Cajanus<\/em> und <em>Raate<\/em> gesungen, eigene Konzerte gegeben und war Teil zahlreicher musikalischer Ensembles sowie im Film <em>Winterkrieg<\/em> zu sehen.<\/p>\n<p>Die Pianistin Merja Matero ist Absolventin der Sibelius-Akademie mit einem Masterabschluss in Musik und arbeitet als Kantorin und Organistin. Neben ihrer T\u00e4tigkeit hat Matero zahlreiche S\u00e4nger und Instrumentalisten begleitet und eigene Orgel- und Gesangskonzerte gegeben.<\/p>\n<p><strong>Programm:<\/strong><\/p>\n<ul>\n<li>Clara Schumann, Ludwig van Beethoven, Johannes Brahms, Jean Sibelius und Toivo Kuula<\/li>\n<li>Kulinarische Erlebnisse inspiriert von den Geschichten der Komponisten<\/li>\n<li>Serviert am Tisch: Vorspiel I und II (Vorspeise), Adagio I und II (Hauptgang), Finale (Dessert)<\/li>\n<\/ul>\n<p><strong>Preis:<\/strong> 99\u2013110 \u20ac\/Person<br \/><strong>Verbindliche Reservierungen:<\/strong> 4 Wochen im Voraus<br \/><strong>Gruppengr\u00f6\u00dfe:<\/strong> min. 40, max. 50 Personen<br \/><strong>Dauer:<\/strong> 2,5 Stunden<\/p>\n<p>Herzlich willkommen, um Kl\u00e4nge und Geschmack zu genie\u00dfen!<\/p>\n<\/div>\n<\/div>\n<\/div>\n<\/div>\n<div class=\"mb-2 flex gap-3 empty:hidden -ml-2\">\n<div class=\"items-center justify-start rounded-xl p-1 flex\">\n<div class=\"flex items-center\">\n<div class=\"flex\">\u00a0<\/div>\n<div class=\"flex items-center pb-0\">\u00a0<\/div>\n<\/div>\n<\/div>\n<\/div>\n<a href=\"https:\/\/niittykahvila.fi\/de\/kontaktinformationen\/\" target=\"_self\" class=\"button primary\"  style=\"border-radius:99px;\">\n    <span>Angebot anfordern<\/span>\n  <\/a>\n\n\t\t<\/div>\n\t\t\t\t\t<\/div>\n\n\t\n\n\t<div id=\"col-321090604\" class=\"col medium-6 small-12 large-6\"  >\n\t\t\t\t<div class=\"col-inner\"  >\n\t\t\t\n\t\t\t\n\t<div class=\"img has-hover x md-x lg-x y md-y lg-y\" id=\"image_1543850415\">\n\t\t\t\t\t\t\t\t<div class=\"img-inner dark\" >\n\t\t\t<img loading=\"lazy\" decoding=\"async\" width=\"2000\" height=\"900\" src=\"https:\/\/niittykahvila.fi\/wp-content\/uploads\/adagio1.jpg\" class=\"attachment-large size-large\" alt=\"\" srcset=\"https:\/\/niittykahvila.fi\/wp-content\/uploads\/adagio1.jpg 2000w, https:\/\/niittykahvila.fi\/wp-content\/uploads\/adagio1-768x346.jpg 768w, https:\/\/niittykahvila.fi\/wp-content\/uploads\/adagio1-1536x691.jpg 1536w\" sizes=\"auto, (max-width: 2000px) 100vw, 2000px\" \/>\t\t\t\t\t\t\n\t\t\t\t\t<\/div>\n\t\t\t\t\t\t\t\t\n<style>\n#image_1543850415 {\n  width: 100%;\n}\n<\/style>\n\t<\/div>\n\t\n\t<div class=\"img has-hover x md-x lg-x y md-y lg-y\" id=\"image_906191570\">\n\t\t\t\t\t\t\t\t<div class=\"img-inner dark\" >\n\t\t\t<img loading=\"lazy\" decoding=\"async\" width=\"1500\" height=\"2000\" src=\"https:\/\/niittykahvila.fi\/wp-content\/uploads\/dessert3.jpg\" class=\"attachment-large size-large\" alt=\"\" srcset=\"https:\/\/niittykahvila.fi\/wp-content\/uploads\/dessert3.jpg 1500w, https:\/\/niittykahvila.fi\/wp-content\/uploads\/dessert3-768x1024.jpg 768w, https:\/\/niittykahvila.fi\/wp-content\/uploads\/dessert3-1152x1536.jpg 1152w\" sizes=\"auto, (max-width: 1500px) 100vw, 1500px\" \/>\t\t\t\t\t\t\n\t\t\t\t\t<\/div>\n\t\t\t\t\t\t\t\t\n<style>\n#image_906191570 {\n  width: 100%;\n}\n<\/style>\n\t<\/div>\n\t\n\t\t<\/div>\n\t\t\t\t\t<\/div>\n\n\t\n<\/div>\n\t<div id=\"gap-424310883\" class=\"gap-element clearfix\" style=\"display:block; height:auto;\">\n\t\t\n<style>\n#gap-424310883 {\n  padding-top: 0px;\n}\n@media (min-width:850px) {\n  #gap-424310883 {\n    padding-top: 60px;\n  }\n}\n<\/style>\n\t<\/div>\n\t\n<div class=\"row row-large align-middle align-center\"  id=\"row-1429323454\">\n\n\t<div id=\"col-662692380\" class=\"col medium-12 small-12 large-6\"  >\n\t\t\t\t<div class=\"col-inner\"  >\n\t\t\t\n\t\t\t\n\t<div class=\"img has-hover x md-x lg-x y md-y lg-y\" id=\"image_1011973249\">\n\t\t\t\t\t\t\t\t<div class=\"img-inner dark\" >\n\t\t\t<img loading=\"lazy\" decoding=\"async\" width=\"602\" height=\"472\" src=\"https:\/\/niittykahvila.fi\/wp-content\/uploads\/IMG_19.png\" class=\"attachment-original size-original\" alt=\"\" \/>\t\t\t\t\t\t\n\t\t\t\t\t<\/div>\n\t\t\t\t\t\t\t\t\n<style>\n#image_1011973249 {\n  width: 100%;\n}\n<\/style>\n\t<\/div>\n\t\n\t\t<\/div>\n\t\t\t\t\t<\/div>\n\n\t\n\n\t<div id=\"col-875350178\" class=\"col medium-12 small-12 large-6 medium-col-first\"  >\n\t\t\t\t<div class=\"col-inner text-center\"  >\n\t\t\t\n\t\t\t\n\t<div id=\"text-2908682349\" class=\"text\">\n\t\t\n<h3 class=\"alt-font\">Festliche Anl\u00e4sse &#038; Events<\/h3>\n\t\t\n<style>\n#text-2908682349 {\n  color: rgb(204, 153, 102);\n}\n#text-2908682349 > * {\n  color: rgb(204, 153, 102);\n}\n<\/style>\n\t<\/div>\n\t\n<h1>Geburtstagsfeiern, Polterabende, Klassentreffen, Hochzeiten <\/h1>\n<p>Die Holzbalken im alten Gasthaus haben die Freuden von Geburtstagskindern, verr\u00fcckte Sp\u00e4\u00dfe beim Junggesellenabschied, Wehmut von Pensionierungen, Hochzeitsgl\u00fcck von Braut und Br\u00e4utigam, Wiedersehensfreude und alles andere miterleben d\u00fcrfen, was das Leben zu bieten hat.<\/p>\n<p>Neben Mahlzeiten und Kaffeepausen k\u00f6nnen wir auch ein Rahmenprogramm f\u00fcr Sie planen. Wir gestalten ganz nach Ihren W\u00fcnschen die Feier Ihrer Tr\u00e4ume. Dieses Fest wird immer unvergesslich bleiben!<\/p>\n<a href=\"http:\/\/niittykahvila.fi\/de\/kontaktinformationen\/\" target=\"_self\" class=\"button primary\"  >\n    <span>ANGEBOT ANFORDERN<\/span>\n  <\/a>\n\n\t\t<\/div>\n\t\t\t\t\t<\/div>\n\n\t\n<\/div>\n\t<div id=\"gap-870012412\" class=\"gap-element clearfix\" style=\"display:block; height:auto;\">\n\t\t\n<style>\n#gap-870012412 {\n  padding-top: 0px;\n}\n@media (min-width:850px) {\n  #gap-870012412 {\n    padding-top: 60px;\n  }\n}\n<\/style>\n\t<\/div>\n\t\n<div class=\"row row-large align-middle align-center\"  id=\"row-1734049395\">\n\n\t<div id=\"col-1684233790\" class=\"col medium-12 small-12 large-6\"  >\n\t\t\t\t<div class=\"col-inner text-center\"  >\n\t\t\t\n\t\t\t\n\t<div id=\"text-4104428336\" class=\"text\">\n\t\t\n<h3 class=\"alt-font\">F\u00fcr Unternehmen<\/h3>\n\t\t\n<style>\n#text-4104428336 {\n  color: rgb(204, 153, 102);\n}\n#text-4104428336 > * {\n  color: rgb(204, 153, 102);\n}\n<\/style>\n\t<\/div>\n\t\n<h1>Tagungen und Betriebsausfl\u00fcge<\/h1>\n<p>Wenn Sie einen ruhigen Ort f\u00fcr ein Treffen und konzentriertes Arbeiten ben\u00f6tigen, bietet Niittytupa genau die passenden Tagungseinrichtungen inklusive Bewirtung.<\/p>\n<p>Braucht Ihr Team einen Impuls oder neue Kreativit\u00e4t f\u00fcr den hektischen Arbeitsalltag? Planen Sie einen Besuch in unserer Niittytupa-Stube beim Stillen Volk, die Wiege der Kreativit\u00e4t und ein idealer Ort zu St\u00e4rkung der Handlungskompetenz!<\/p>\n<a href=\"http:\/\/niittykahvila.fi\/de\/kontaktinformationen\/\" target=\"_self\" class=\"button primary\"  >\n    <span>ANGEBOT ANFORDERN<\/span>\n  <\/a>\n\n\t\t<\/div>\n\t\t\t\t\t<\/div>\n\n\t\n\n\t<div id=\"col-719964469\" class=\"col medium-12 small-12 large-6\"  >\n\t\t\t\t<div class=\"col-inner\"  >\n\t\t\t\n\t\t\t\n\t<div class=\"img has-hover x md-x lg-x y md-y lg-y\" id=\"image_932250276\">\n\t\t\t\t\t\t\t\t<div class=\"img-inner dark\" >\n\t\t\t<img loading=\"lazy\" decoding=\"async\" width=\"602\" height=\"472\" src=\"https:\/\/niittykahvila.fi\/wp-content\/uploads\/IMG_20.png\" class=\"attachment-original size-original\" alt=\"\" \/>\t\t\t\t\t\t\n\t\t\t\t\t<\/div>\n\t\t\t\t\t\t\t\t\n<style>\n#image_932250276 {\n  width: 100%;\n}\n<\/style>\n\t<\/div>\n\t\n\t\t<\/div>\n\t\t\t\t\t<\/div>\n\n\t\n<\/div>\n\t<div id=\"gap-762740778\" class=\"gap-element clearfix\" style=\"display:block; height:auto;\">\n\t\t\n<style>\n#gap-762740778 {\n  padding-top: 0px;\n}\n@media (min-width:850px) {\n  #gap-762740778 {\n    padding-top: 60px;\n  }\n}\n<\/style>\n\t<\/div>\n\t\n<div class=\"row row-large align-middle align-center\"  id=\"row-1726247577\">\n\n\t<div id=\"col-1465185480\" class=\"col medium-12 small-12 large-6\"  >\n\t\t\t\t<div class=\"col-inner\"  >\n\t\t\t\n\t\t\t\n\t<div class=\"img has-hover x md-x lg-x y md-y lg-y\" id=\"image_830775425\">\n\t\t\t\t\t\t\t\t<div class=\"img-inner dark\" >\n\t\t\t<img loading=\"lazy\" decoding=\"async\" width=\"602\" height=\"472\" src=\"https:\/\/niittykahvila.fi\/wp-content\/uploads\/IMG_21.png\" class=\"attachment-original size-original\" alt=\"\" \/>\t\t\t\t\t\t\n\t\t\t\t\t<\/div>\n\t\t\t\t\t\t\t\t\n<style>\n#image_830775425 {\n  width: 100%;\n}\n<\/style>\n\t<\/div>\n\t\n\t\t<\/div>\n\t\t\t\t\t<\/div>\n\n\t\n\n\t<div id=\"col-919271316\" class=\"col medium-12 small-12 large-6 medium-col-first\"  >\n\t\t\t\t<div class=\"col-inner text-center\"  >\n\t\t\t\n\t\t\t\n\t<div id=\"text-66447389\" class=\"text\">\n\t\t\n<h3 class=\"alt-font\">Dunkle Winterzeit<\/h3>\n\t\t\n<style>\n#text-66447389 {\n  color: rgb(204, 153, 102);\n}\n#text-66447389 > * {\n  color: rgb(204, 153, 102);\n}\n<\/style>\n\t<\/div>\n\t\n<h1>Weihnachtsfeiern<\/h1>\n<p>Gem\u00fctliche Momente im D\u00e4mmerlicht unseres Blockhauses Niittytupa sind Weihnachtszauber pur. Unser vergr\u00f6\u00dferter Raum bietet jetzt Platz f\u00fcr bis zu 80 Personen. Am Kamin, im Schein eines prasselnden Kaminfeuers, werden die besten Geschichten \u00fcber Heuernte, Hauselfen und finnische Weihnachtstraditionen wieder lebendig.<\/p>\n<p>Die Feuerstelle im Freien ist ein gro\u00dfartiger Ort, um sich in der Abendd\u00e4mmerung in Stimmung zu bringen und den Funkenflug in den Nachthimmel zu verfolgen. Von den Fenstern des Holzhauses aus haben Sie einen einzigartigen und unvergesslichen Blick auf die beleuchteten und verschneiten Gestalten des Stillen Volkes. Lauschen Sie der Geschichte des Stillen Volkes, entspannen Sie sich und lassen Sie sich von der Magie des Augenblicks gefangen nehmen.<\/p>\n<a href=\"http:\/\/niittykahvila.fi\/de\/kontaktinformationen\/\" target=\"_self\" class=\"button primary\"  >\n    <span>ANGEBOT ANFORDERN<\/span>\n  <\/a>\n\n\t\t<\/div>\n\t\t\t\t\t<\/div>\n\n\t\n<\/div>\n","protected":false},"excerpt":{"rendered":"","protected":false},"author":1,"featured_media":0,"parent":0,"menu_order":0,"comment_status":"closed","ping_status":"closed","template":"page-blank.php","meta":{"footnotes":""},"class_list":["post-1044","page","type-page","status-publish","hentry"],"yoast_head":"<!-- This site is optimized with the Yoast SEO Premium plugin v20.6 (Yoast SEO v25.9) - https:\/\/yoast.com\/wordpress\/plugins\/seo\/ -->\n<title>F\u00fcr Gruppen &#8211; Hiljaisen Kansan Niittykahvila<\/title>\n<meta name=\"description\" content=\"Das Wiesencaf\u00e9 Niittykahvila und Restaurant Niittytupa bieten Gruppen eine unvergessliche Erholungspause. Angebot anfordern!\" \/>\n<meta name=\"robots\" content=\"index, follow, max-snippet:-1, max-image-preview:large, max-video-preview:-1\" \/>\n<link rel=\"canonical\" href=\"https:\/\/niittykahvila.fi\/de\/fuer-gruppen\/\" \/>\n<meta property=\"og:locale\" content=\"de_DE\" \/>\n<meta property=\"og:type\" content=\"article\" \/>\n<meta property=\"og:title\" content=\"F\u00fcr Gruppen &#8211; Hiljaisen Kansan Niittykahvila\" \/>\n<meta property=\"og:description\" content=\"Das Wiesencaf\u00e9 Niittykahvila und Restaurant Niittytupa bieten Gruppen eine unvergessliche Erholungspause. Angebot anfordern!\" \/>\n<meta property=\"og:url\" content=\"https:\/\/niittykahvila.fi\/de\/fuer-gruppen\/\" \/>\n<meta property=\"og:site_name\" content=\"Hiljaisen Kansan Niittykahvila\" \/>\n<meta property=\"article:publisher\" content=\"https:\/\/facebook.com\/fbHiljainenKansa\/\" \/>\n<meta property=\"article:modified_time\" content=\"2025-01-09T08:54:48+00:00\" \/>\n<meta name=\"twitter:card\" content=\"summary_large_image\" \/>\n<meta name=\"twitter:label1\" content=\"Gesch\u00e4tzte Lesezeit\" \/>\n\t<meta name=\"twitter:data1\" content=\"3\u00a0Minuten\" \/>\n<script type=\"application\/ld+json\" class=\"yoast-schema-graph\">{\"@context\":\"https:\/\/schema.org\",\"@graph\":[{\"@type\":\"WebPage\",\"@id\":\"https:\/\/niittykahvila.fi\/de\/fuer-gruppen\/\",\"url\":\"https:\/\/niittykahvila.fi\/de\/fuer-gruppen\/\",\"name\":\"F\u00fcr Gruppen &#8211; Hiljaisen Kansan Niittykahvila\",\"isPartOf\":{\"@id\":\"https:\/\/niittykahvila.fi\/de\/#website\"},\"datePublished\":\"2023-03-24T10:38:45+00:00\",\"dateModified\":\"2025-01-09T08:54:48+00:00\",\"description\":\"Das Wiesencaf\u00e9 Niittykahvila und Restaurant Niittytupa bieten Gruppen eine unvergessliche Erholungspause. Angebot anfordern!\",\"breadcrumb\":{\"@id\":\"https:\/\/niittykahvila.fi\/de\/fuer-gruppen\/#breadcrumb\"},\"inLanguage\":\"de\",\"potentialAction\":[{\"@type\":\"ReadAction\",\"target\":[\"https:\/\/niittykahvila.fi\/de\/fuer-gruppen\/\"]}]},{\"@type\":\"BreadcrumbList\",\"@id\":\"https:\/\/niittykahvila.fi\/de\/fuer-gruppen\/#breadcrumb\",\"itemListElement\":[{\"@type\":\"ListItem\",\"position\":1,\"name\":\"Hiljaisen Kansan Niittykahvila\",\"item\":\"https:\/\/niittykahvila.fi\/de\/\"},{\"@type\":\"ListItem\",\"position\":2,\"name\":\"F\u00fcr Gruppen\"}]},{\"@type\":\"WebSite\",\"@id\":\"https:\/\/niittykahvila.fi\/de\/#website\",\"url\":\"https:\/\/niittykahvila.fi\/de\/\",\"name\":\"Hiljaisen Kansan Niittykahvila\",\"description\":\"\",\"publisher\":{\"@id\":\"https:\/\/niittykahvila.fi\/de\/#organization\"},\"alternateName\":\"The Silent People\",\"potentialAction\":[{\"@type\":\"SearchAction\",\"target\":{\"@type\":\"EntryPoint\",\"urlTemplate\":\"https:\/\/niittykahvila.fi\/de\/?s={search_term_string}\"},\"query-input\":{\"@type\":\"PropertyValueSpecification\",\"valueRequired\":true,\"valueName\":\"search_term_string\"}}],\"inLanguage\":\"de\"},{\"@type\":\"Organization\",\"@id\":\"https:\/\/niittykahvila.fi\/de\/#organization\",\"name\":\"Hiljaisen Kansan Niittykahvila\",\"alternateName\":\"The Silent People\",\"url\":\"https:\/\/niittykahvila.fi\/de\/\",\"logo\":{\"@type\":\"ImageObject\",\"inLanguage\":\"de\",\"@id\":\"https:\/\/niittykahvila.fi\/de\/#\/schema\/logo\/image\/\",\"url\":\"http:\/\/niittykahvila.fi\/wp-content\/uploads\/Niittykahvila.png\",\"contentUrl\":\"http:\/\/niittykahvila.fi\/wp-content\/uploads\/Niittykahvila.png\",\"width\":280,\"height\":112,\"caption\":\"Hiljaisen Kansan Niittykahvila\"},\"image\":{\"@id\":\"https:\/\/niittykahvila.fi\/de\/#\/schema\/logo\/image\/\"},\"sameAs\":[\"https:\/\/facebook.com\/fbHiljainenKansa\/\",\"https:\/\/instagram.com\/the_silent_people\/\"]}]}<\/script>\n<!-- \/ Yoast SEO Premium plugin. -->","yoast_head_json":{"title":"F\u00fcr Gruppen &#8211; Hiljaisen Kansan Niittykahvila","description":"Das Wiesencaf\u00e9 Niittykahvila und Restaurant Niittytupa bieten Gruppen eine unvergessliche Erholungspause. Angebot anfordern!","robots":{"index":"index","follow":"follow","max-snippet":"max-snippet:-1","max-image-preview":"max-image-preview:large","max-video-preview":"max-video-preview:-1"},"canonical":"https:\/\/niittykahvila.fi\/de\/fuer-gruppen\/","og_locale":"de_DE","og_type":"article","og_title":"F\u00fcr Gruppen &#8211; Hiljaisen Kansan Niittykahvila","og_description":"Das Wiesencaf\u00e9 Niittykahvila und Restaurant Niittytupa bieten Gruppen eine unvergessliche Erholungspause. Angebot anfordern!","og_url":"https:\/\/niittykahvila.fi\/de\/fuer-gruppen\/","og_site_name":"Hiljaisen Kansan Niittykahvila","article_publisher":"https:\/\/facebook.com\/fbHiljainenKansa\/","article_modified_time":"2025-01-09T08:54:48+00:00","twitter_card":"summary_large_image","twitter_misc":{"Gesch\u00e4tzte Lesezeit":"3\u00a0Minuten"},"schema":{"@context":"https:\/\/schema.org","@graph":[{"@type":"WebPage","@id":"https:\/\/niittykahvila.fi\/de\/fuer-gruppen\/","url":"https:\/\/niittykahvila.fi\/de\/fuer-gruppen\/","name":"F\u00fcr Gruppen &#8211; Hiljaisen Kansan Niittykahvila","isPartOf":{"@id":"https:\/\/niittykahvila.fi\/de\/#website"},"datePublished":"2023-03-24T10:38:45+00:00","dateModified":"2025-01-09T08:54:48+00:00","description":"Das Wiesencaf\u00e9 Niittykahvila und Restaurant Niittytupa bieten Gruppen eine unvergessliche Erholungspause. Angebot anfordern!","breadcrumb":{"@id":"https:\/\/niittykahvila.fi\/de\/fuer-gruppen\/#breadcrumb"},"inLanguage":"de","potentialAction":[{"@type":"ReadAction","target":["https:\/\/niittykahvila.fi\/de\/fuer-gruppen\/"]}]},{"@type":"BreadcrumbList","@id":"https:\/\/niittykahvila.fi\/de\/fuer-gruppen\/#breadcrumb","itemListElement":[{"@type":"ListItem","position":1,"name":"Hiljaisen Kansan Niittykahvila","item":"https:\/\/niittykahvila.fi\/de\/"},{"@type":"ListItem","position":2,"name":"F\u00fcr Gruppen"}]},{"@type":"WebSite","@id":"https:\/\/niittykahvila.fi\/de\/#website","url":"https:\/\/niittykahvila.fi\/de\/","name":"Hiljaisen Kansan Niittykahvila","description":"","publisher":{"@id":"https:\/\/niittykahvila.fi\/de\/#organization"},"alternateName":"The Silent People","potentialAction":[{"@type":"SearchAction","target":{"@type":"EntryPoint","urlTemplate":"https:\/\/niittykahvila.fi\/de\/?s={search_term_string}"},"query-input":{"@type":"PropertyValueSpecification","valueRequired":true,"valueName":"search_term_string"}}],"inLanguage":"de"},{"@type":"Organization","@id":"https:\/\/niittykahvila.fi\/de\/#organization","name":"Hiljaisen Kansan Niittykahvila","alternateName":"The Silent People","url":"https:\/\/niittykahvila.fi\/de\/","logo":{"@type":"ImageObject","inLanguage":"de","@id":"https:\/\/niittykahvila.fi\/de\/#\/schema\/logo\/image\/","url":"http:\/\/niittykahvila.fi\/wp-content\/uploads\/Niittykahvila.png","contentUrl":"http:\/\/niittykahvila.fi\/wp-content\/uploads\/Niittykahvila.png","width":280,"height":112,"caption":"Hiljaisen Kansan Niittykahvila"},"image":{"@id":"https:\/\/niittykahvila.fi\/de\/#\/schema\/logo\/image\/"},"sameAs":["https:\/\/facebook.com\/fbHiljainenKansa\/","https:\/\/instagram.com\/the_silent_people\/"]}]}},"_links":{"self":[{"href":"https:\/\/niittykahvila.fi\/de\/wp-json\/wp\/v2\/pages\/1044","targetHints":{"allow":["GET"]}}],"collection":[{"href":"https:\/\/niittykahvila.fi\/de\/wp-json\/wp\/v2\/pages"}],"about":[{"href":"https:\/\/niittykahvila.fi\/de\/wp-json\/wp\/v2\/types\/page"}],"author":[{"embeddable":true,"href":"https:\/\/niittykahvila.fi\/de\/wp-json\/wp\/v2\/users\/1"}],"replies":[{"embeddable":true,"href":"https:\/\/niittykahvila.fi\/de\/wp-json\/wp\/v2\/comments?post=1044"}],"version-history":[{"count":9,"href":"https:\/\/niittykahvila.fi\/de\/wp-json\/wp\/v2\/pages\/1044\/revisions"}],"predecessor-version":[{"id":1580,"href":"https:\/\/niittykahvila.fi\/de\/wp-json\/wp\/v2\/pages\/1044\/revisions\/1580"}],"wp:attachment":[{"href":"https:\/\/niittykahvila.fi\/de\/wp-json\/wp\/v2\/media?parent=1044"}],"curies":[{"name":"wp","href":"https:\/\/api.w.org\/{rel}","templated":true}]}}